{"id":1276,"date":"2018-10-03T11:33:50","date_gmt":"2018-10-03T11:33:50","guid":{"rendered":"http:\/\/192.168.8.211\/wordpress\/?page_id=1276"},"modified":"2020-10-12T12:02:57","modified_gmt":"2020-10-12T12:02:57","slug":"blog","status":"publish","type":"page","link":"https:\/\/helmutziller.com\/en_us\/blog\/","title":{"rendered":"Blog"},"content":{"rendered":"<div class=\"wpb-content-wrapper\"><div data-vc-full-width=\"true\" data-vc-full-width-init=\"false\" class=\"vc_row wpb_row vc_row-fluid vc_row-5f4c715661235 vc_row-o-full-height vc_row-o-columns-middle vc_row-flex\"><div class=\"wpb_column vc_column_container vc_col-sm-12 vc_row-69e7329bbc261\"><div class=\"vc_column-inner\"><div class=\"wpb_wrapper\"><div class=\"blog-block\"><div class=\"filter-button-group tac\"><button data-filter=\"*\" class=\"active\">Alle<\/button><button data-filter=\".category-nature\">Nature<\/button><button data-filter=\".category-portraets\">Portraits<\/button><button data-filter=\".category-reisen\">Travels<\/button><\/div><div class=\"blog-items load-wrap row blog-type-horizontal blog-59bfa5cd550aa\"><article class=\"blog-item  category-nature with-image col-12\"><div class=\"wrap\"><div class=\"img\" data-original=\"https:\/\/helmutziller.com\/wp-content\/uploads\/DSC01133_2024-08-28-1024x683.jpg\"><a href=\"https:\/\/helmutziller.com\/en_us\/2024\/11\/08\/seebensee\/\" style=\"background-image: url(https:\/\/helmutziller.com\/wp-content\/uploads\/DSC01133_2024-08-28-1024x683.jpg);\"><\/a><\/div><div class=\"content\"><h5><a href=\"https:\/\/helmutziller.com\/en_us\/2024\/11\/08\/seebensee\/\">Lake  Seeben<\/a><\/h5><div class=\"date\">November 8, 2024<\/div><p>Der Seebensee ist immer wieder ein gutes Fotomotiv<\/p><\/div><div class=\"clear\"><\/div><div class=\"bottom like-on comment-on\"><div class=\"col\"><a href=\"#\" class=\"zilla-likes\" id=\"zilla-likes-10745\" title=\"Like this\" data-postfix=\" like\"><i class=\"multimedia-icon-heart\"><\/i> <span>1 like<\/span><\/a><\/div><div class=\"col\"><i class=\"multimedia-icon-speech-bubble-1\"><\/i> <a href=\"https:\/\/helmutziller.com\/en_us\/2024\/11\/08\/seebensee\/#comments\">No Comments<\/a><\/div><\/div><\/div><\/article><article class=\"blog-item  category-reisen with-image col-12\"><div class=\"wrap\"><div class=\"img\" data-original=\"https:\/\/helmutziller.com\/wp-content\/uploads\/2021-08-25-DSC7566_16-9_wolkig_web-fcda8928-1024x576.jpg\"><a href=\"https:\/\/helmutziller.com\/en_us\/2021\/09\/15\/ostsee\/\" style=\"background-image: url(https:\/\/helmutziller.com\/wp-content\/uploads\/2021-08-25-DSC7566_16-9_wolkig_web-fcda8928-1024x576.jpg);\"><\/a><\/div><div class=\"content\"><h5><a href=\"https:\/\/helmutziller.com\/en_us\/2021\/09\/15\/ostsee\/\">Ostsee<\/a><\/h5><div class=\"date\">September 15, 2021<\/div><p>Eine Reise durch den Osten von Deutschland und Tschechien zur Ostsee.<\/p><\/div><div class=\"clear\"><\/div><div class=\"bottom like-on comment-on\"><div class=\"col\"><a href=\"#\" class=\"zilla-likes\" id=\"zilla-likes-9751\" title=\"Like this\" data-postfix=\" likes\"><i class=\"multimedia-icon-heart\"><\/i> <span>4 likes<\/span><\/a><\/div><div class=\"col\"><i class=\"multimedia-icon-speech-bubble-1\"><\/i> <a href=\"https:\/\/helmutziller.com\/en_us\/2021\/09\/15\/ostsee\/#comments\">No Comments<\/a><\/div><\/div><\/div><\/article><article class=\"blog-item  category-nature with-image col-12\"><div class=\"wrap\"><div class=\"img\" data-original=\"https:\/\/helmutziller.com\/wp-content\/uploads\/2021-08-13-DSC7450_web-c2c2dbd2-1024x460.jpg\"><a href=\"https:\/\/helmutziller.com\/en_us\/2021\/08\/21\/aussicht-vom-kitzsteinhorn\/\" style=\"background-image: url(https:\/\/helmutziller.com\/wp-content\/uploads\/2021-08-13-DSC7450_web-c2c2dbd2-1024x460.jpg);\"><\/a><\/div><div class=\"content\"><h5><a href=\"https:\/\/helmutziller.com\/en_us\/2021\/08\/21\/aussicht-vom-kitzsteinhorn\/\">View from the Kitzsteinhorn<\/a><\/h5><div class=\"date\">August 21, 2021<\/div><p>The view from the Kitzsteinhorn is very nice, but the Kitzsteinhorn itself is completely spoiled by lift facilities and ski slopes.<\/p><\/div><div class=\"clear\"><\/div><div class=\"bottom like-on comment-on\"><div class=\"col\"><a href=\"#\" class=\"zilla-likes\" id=\"zilla-likes-9715\" title=\"Like this\" data-postfix=\" likes\"><i class=\"multimedia-icon-heart\"><\/i> <span>6 likes<\/span><\/a><\/div><div class=\"col\"><i class=\"multimedia-icon-speech-bubble-1\"><\/i> <a href=\"https:\/\/helmutziller.com\/en_us\/2021\/08\/21\/aussicht-vom-kitzsteinhorn\/#comments\">No Comments<\/a><\/div><\/div><\/div><\/article><article class=\"blog-item  category-nature with-image col-12\"><div class=\"wrap\"><div class=\"img\" data-original=\"https:\/\/helmutziller.com\/wp-content\/uploads\/2021-08-06-DSC7400_web-713dbf8e-1024x683.jpg\"><a href=\"https:\/\/helmutziller.com\/en_us\/2021\/08\/20\/weitsee\/\" style=\"background-image: url(https:\/\/helmutziller.com\/wp-content\/uploads\/2021-08-06-DSC7400_web-713dbf8e-1024x683.jpg);\"><\/a><\/div><div class=\"content\"><h5><a href=\"https:\/\/helmutziller.com\/en_us\/2021\/08\/20\/weitsee\/\">Weit Lake<\/a><\/h5><div class=\"date\">August 20, 2021<\/div><p>The Weit lake in its fascinating colors is always worth a visit.<\/p><\/div><div class=\"clear\"><\/div><div class=\"bottom like-on comment-on\"><div class=\"col\"><a href=\"#\" class=\"zilla-likes\" id=\"zilla-likes-9712\" title=\"Like this\" data-postfix=\" likes\"><i class=\"multimedia-icon-heart\"><\/i> <span>4 likes<\/span><\/a><\/div><div class=\"col\"><i class=\"multimedia-icon-speech-bubble-1\"><\/i> <a href=\"https:\/\/helmutziller.com\/en_us\/2021\/08\/20\/weitsee\/#comments\">No Comments<\/a><\/div><\/div><\/div><\/article><article class=\"blog-item  category-portraets with-image col-12\"><div class=\"wrap\"><div class=\"img\" data-original=\"https:\/\/helmutziller.com\/wp-content\/uploads\/2021-07-23-184307_web-e728b0d2-1024x461.jpg\"><a href=\"https:\/\/helmutziller.com\/en_us\/2021\/07\/24\/sommer-in-der-stadt\/\" style=\"background-image: url(https:\/\/helmutziller.com\/wp-content\/uploads\/2021-07-23-184307_web-e728b0d2-1024x461.jpg);\"><\/a><\/div><div class=\"content\"><h5><a href=\"https:\/\/helmutziller.com\/en_us\/2021\/07\/24\/sommer-in-der-stadt\/\">Summer in the city<\/a><\/h5><div class=\"date\">July 24, 2021<\/div><p>Die lauen Sommerabende verlocken zum Sitzen im Freien ...<\/p><\/div><div class=\"clear\"><\/div><div class=\"bottom like-on comment-on\"><div class=\"col\"><a href=\"#\" class=\"zilla-likes\" id=\"zilla-likes-9699\" title=\"Like this\" data-postfix=\" likes\"><i class=\"multimedia-icon-heart\"><\/i> <span>8 likes<\/span><\/a><\/div><div class=\"col\"><i class=\"multimedia-icon-speech-bubble-1\"><\/i> <a href=\"https:\/\/helmutziller.com\/en_us\/2021\/07\/24\/sommer-in-der-stadt\/#comments\">No Comments<\/a><\/div><\/div><\/div><\/article><article class=\"blog-item  category-nature with-image col-12\"><div class=\"wrap\"><div class=\"img\" data-original=\"https:\/\/helmutziller.com\/wp-content\/uploads\/2021-07-09-DSC7252-d9676ca4-1024x576.jpg\"><a href=\"https:\/\/helmutziller.com\/en_us\/2021\/07\/13\/teich-farben\/\" style=\"background-image: url(https:\/\/helmutziller.com\/wp-content\/uploads\/2021-07-09-DSC7252-d9676ca4-1024x576.jpg);\"><\/a><\/div><div class=\"content\"><h5><a href=\"https:\/\/helmutziller.com\/en_us\/2021\/07\/13\/teich-farben\/\">Pond Colors<\/a><\/h5><div class=\"date\">July 13, 2021<\/div><p>In the evening light the colors and effects in the swimming pond are very interesting.<\/p><\/div><div class=\"clear\"><\/div><div class=\"bottom like-on comment-on\"><div class=\"col\"><a href=\"#\" class=\"zilla-likes\" id=\"zilla-likes-9662\" title=\"Like this\" data-postfix=\" likes\"><i class=\"multimedia-icon-heart\"><\/i> <span>3 likes<\/span><\/a><\/div><div class=\"col\"><i class=\"multimedia-icon-speech-bubble-1\"><\/i> <a href=\"https:\/\/helmutziller.com\/en_us\/2021\/07\/13\/teich-farben\/#comments\">No Comments<\/a><\/div><\/div><\/div><\/article><article class=\"blog-item  category-reisen with-image col-12\"><div class=\"wrap\"><div class=\"img\" data-original=\"https:\/\/helmutziller.com\/wp-content\/uploads\/2021-03-28_DSC7085-17617c13-1024x683.jpg\"><a href=\"https:\/\/helmutziller.com\/en_us\/2021\/05\/06\/konstanz-erwacht-von-corona\/\" style=\"background-image: url(https:\/\/helmutziller.com\/wp-content\/uploads\/2021-03-28_DSC7085-17617c13-1024x683.jpg);\"><\/a><\/div><div class=\"content\"><h5><a href=\"https:\/\/helmutziller.com\/en_us\/2021\/05\/06\/konstanz-erwacht-von-corona\/\">Konstanz erwacht von Corona<\/a><\/h5><div class=\"date\">May 6, 2021<\/div><p>So langsam wird die Fr\u00fchjahrssonne st\u00e4rker als die Lockdown Ma\u00dfnahmen und immer mehr Menschen sind wieder unterwegs.<\/p><\/div><div class=\"clear\"><\/div><div class=\"bottom like-on comment-on\"><div class=\"col\"><a href=\"#\" class=\"zilla-likes\" id=\"zilla-likes-9646\" title=\"Like this\" data-postfix=\" likes\"><i class=\"multimedia-icon-heart\"><\/i> <span>7 likes<\/span><\/a><\/div><div class=\"col\"><i class=\"multimedia-icon-speech-bubble-1\"><\/i> <a href=\"https:\/\/helmutziller.com\/en_us\/2021\/05\/06\/konstanz-erwacht-von-corona\/#comments\">No Comments<\/a><\/div><\/div><\/div><\/article><article class=\"blog-item  category-portraets with-image col-12\"><div class=\"wrap\"><div class=\"img\" data-original=\"https:\/\/helmutziller.com\/wp-content\/uploads\/2020-12-24-DSC7049_web-cd7c723c-1024x576.jpg\"><a href=\"https:\/\/helmutziller.com\/en_us\/2021\/01\/11\/weihnachtsessen\/\" style=\"background-image: url(https:\/\/helmutziller.com\/wp-content\/uploads\/2020-12-24-DSC7049_web-cd7c723c-1024x576.jpg);\"><\/a><\/div><div class=\"content\"><h5><a href=\"https:\/\/helmutziller.com\/en_us\/2021\/01\/11\/weihnachtsessen\/\">Weihnachtsessen<\/a><\/h5><div class=\"date\">January 11, 2021<\/div><p>Hallo, das bin ich - Nelly - beim Essen am Weihnachtsabend. Es gab Chicken Wings, mein absolutes Lieblingsgericht!<\/p><\/div><div class=\"clear\"><\/div><div class=\"bottom like-on comment-on\"><div class=\"col\"><a href=\"#\" class=\"zilla-likes\" id=\"zilla-likes-9615\" title=\"Like this\" data-postfix=\" likes\"><i class=\"multimedia-icon-heart\"><\/i> <span>5 likes<\/span><\/a><\/div><div class=\"col\"><i class=\"multimedia-icon-speech-bubble-1\"><\/i> <a href=\"https:\/\/helmutziller.com\/en_us\/2021\/01\/11\/weihnachtsessen\/#comments\">1 Comment<\/a><\/div><\/div><\/div><\/article><article class=\"blog-item  category-nature with-image col-12\"><div class=\"wrap\"><div class=\"img\" data-original=\"https:\/\/helmutziller.com\/wp-content\/uploads\/2020-11-07-DSC7011-1024x381.jpg\"><a href=\"https:\/\/helmutziller.com\/en_us\/2020\/11\/12\/spaziergang-zur-sigmundsburg\/\" style=\"background-image: url(https:\/\/helmutziller.com\/wp-content\/uploads\/2020-11-07-DSC7011-1024x381.jpg);\"><\/a><\/div><div class=\"content\"><h5><a href=\"https:\/\/helmutziller.com\/en_us\/2020\/11\/12\/spaziergang-zur-sigmundsburg\/\">Walk to ruin Sigmundsburg<\/a><\/h5><div class=\"date\">November 12, 2020<\/div><p>The mysterious Sigmundsburg is situated on an island at Lake Fernstein. In my childhood we often visited that place and especially now in autumn it is worth a visit!<\/p><\/div><div class=\"clear\"><\/div><div class=\"bottom like-on comment-on\"><div class=\"col\"><a href=\"#\" class=\"zilla-likes\" id=\"zilla-likes-4135\" title=\"Like this\" data-postfix=\" likes\"><i class=\"multimedia-icon-heart\"><\/i> <span>14 likes<\/span><\/a><\/div><div class=\"col\"><i class=\"multimedia-icon-speech-bubble-1\"><\/i> <a href=\"https:\/\/helmutziller.com\/en_us\/2020\/11\/12\/spaziergang-zur-sigmundsburg\/#comments\">No Comments<\/a><\/div><\/div><\/div><\/article><article class=\"blog-item  category-reisen with-image col-12\"><div class=\"wrap\"><div class=\"img\" data-original=\"https:\/\/helmutziller.com\/wp-content\/uploads\/20-22fc043c-1024x683.jpg\"><a href=\"https:\/\/helmutziller.com\/en_us\/2020\/11\/03\/stift-stams\/\" style=\"background-image: url(https:\/\/helmutziller.com\/wp-content\/uploads\/20-22fc043c-1024x683.jpg);\"><\/a><\/div><div class=\"content\"><h5><a href=\"https:\/\/helmutziller.com\/en_us\/2020\/11\/03\/stift-stams\/\">Monastery Stams<\/a><\/h5><div class=\"date\">November 3, 2020<\/div><p>Hi Helli!\r\nNett war`s gestern! Hier eines meiner Lieblingsbilder...\r\nGratulation auch zu deinen Fotos!\r\nGru\u00df Alex<\/p><\/div><div class=\"clear\"><\/div><div class=\"bottom like-on comment-on\"><div class=\"col\"><a href=\"#\" class=\"zilla-likes\" id=\"zilla-likes-3915\" title=\"Like this\" data-postfix=\" likes\"><i class=\"multimedia-icon-heart\"><\/i> <span>8 likes<\/span><\/a><\/div><div class=\"col\"><i class=\"multimedia-icon-speech-bubble-1\"><\/i> <a href=\"https:\/\/helmutziller.com\/en_us\/2020\/11\/03\/stift-stams\/#comments\">1 Comment<\/a><\/div><\/div><\/div><\/article><article class=\"blog-item  category-nature with-image col-12\"><div class=\"wrap\"><div class=\"img\" data-original=\"https:\/\/helmutziller.com\/wp-content\/uploads\/20201025_084729-db16aad0-1024x268.jpg\"><a href=\"https:\/\/helmutziller.com\/en_us\/2020\/10\/26\/gurgltal-im-nebel\/\" style=\"background-image: url(https:\/\/helmutziller.com\/wp-content\/uploads\/20201025_084729-db16aad0-1024x268.jpg);\"><\/a><\/div><div class=\"content\"><h5><a href=\"https:\/\/helmutziller.com\/en_us\/2020\/10\/26\/gurgltal-im-nebel\/\">Gurgl valley in fog<\/a><\/h5><div class=\"date\">October 26, 2020<\/div><p>Herbstlicher Morgen im Gurgltal<\/p><\/div><div class=\"clear\"><\/div><div class=\"bottom like-on comment-on\"><div class=\"col\"><a href=\"#\" class=\"zilla-likes\" id=\"zilla-likes-3774\" title=\"Like this\" data-postfix=\" likes\"><i class=\"multimedia-icon-heart\"><\/i> <span>4 likes<\/span><\/a><\/div><div class=\"col\"><i class=\"multimedia-icon-speech-bubble-1\"><\/i> <a href=\"https:\/\/helmutziller.com\/en_us\/2020\/10\/26\/gurgltal-im-nebel\/#comments\">1 Comment<\/a><\/div><\/div><\/div><\/article><article class=\"blog-item  category-nature with-image col-12\"><div class=\"wrap\"><div class=\"img\" data-original=\"https:\/\/helmutziller.com\/wp-content\/uploads\/DSC6890_heller-1024x683.jpg\"><a href=\"https:\/\/helmutziller.com\/en_us\/2020\/10\/06\/obstkorb-im-herbstlicht\/\" style=\"background-image: url(https:\/\/helmutziller.com\/wp-content\/uploads\/DSC6890_heller-1024x683.jpg);\"><\/a><\/div><div class=\"content\"><h5><a href=\"https:\/\/helmutziller.com\/en_us\/2020\/10\/06\/obstkorb-im-herbstlicht\/\">Fruit and vegetables in Autumn light<\/a><\/h5><div class=\"date\">October 6, 2020<\/div><p>The pic shows fruit and vegetables which I like<\/p><\/div><div class=\"clear\"><\/div><div class=\"bottom like-on comment-on\"><div class=\"col\"><a href=\"#\" class=\"zilla-likes\" id=\"zilla-likes-3518\" title=\"Like this\" data-postfix=\" likes\"><i class=\"multimedia-icon-heart\"><\/i> <span>4 likes<\/span><\/a><\/div><div class=\"col\"><i class=\"multimedia-icon-speech-bubble-1\"><\/i> <a href=\"https:\/\/helmutziller.com\/en_us\/2020\/10\/06\/obstkorb-im-herbstlicht\/#comments\">1 Comment<\/a><\/div><\/div><\/div><\/article><article class=\"blog-item  category-reisen with-image col-12\"><div class=\"wrap\"><div class=\"img\" data-original=\"https:\/\/helmutziller.com\/wp-content\/uploads\/2020-06-12-DSC6090-1-1024x374.jpg\"><a href=\"https:\/\/helmutziller.com\/en_us\/2020\/07\/05\/slowenien\/\" style=\"background-image: url(https:\/\/helmutziller.com\/wp-content\/uploads\/2020-06-12-DSC6090-1-1024x374.jpg);\"><\/a><\/div><div class=\"content\"><h5><a href=\"https:\/\/helmutziller.com\/en_us\/2020\/07\/05\/slowenien\/\">Slovenia<\/a><\/h5><div class=\"date\">July 5, 2020<\/div><p>Somewhere in Slovenia on the drive in the direction of Piran<\/p><\/div><div class=\"clear\"><\/div><div class=\"bottom like-on comment-on\"><div class=\"col\"><a href=\"#\" class=\"zilla-likes\" id=\"zilla-likes-3008\" title=\"Like this\" data-postfix=\" likes\"><i class=\"multimedia-icon-heart\"><\/i> <span>4 likes<\/span><\/a><\/div><div class=\"col\"><i class=\"multimedia-icon-speech-bubble-1\"><\/i> <a href=\"https:\/\/helmutziller.com\/en_us\/2020\/07\/05\/slowenien\/#comments\">No Comments<\/a><\/div><\/div><\/div><\/article><article class=\"blog-item  category-nature with-image col-12\"><div class=\"wrap\"><div class=\"img\" data-original=\"https:\/\/helmutziller.com\/wp-content\/uploads\/2019-12-04-DJI_0087_web-1024x575.jpg\"><a href=\"https:\/\/helmutziller.com\/en_us\/2020\/02\/25\/nassereith-ein-strahlend-sonniger-wintertag\/\" style=\"background-image: url(https:\/\/helmutziller.com\/wp-content\/uploads\/2019-12-04-DJI_0087_web-1024x575.jpg);\"><\/a><\/div><div class=\"content\"><h5><a href=\"https:\/\/helmutziller.com\/en_us\/2020\/02\/25\/nassereith-ein-strahlend-sonniger-wintertag\/\">Nassereith - A bright sunny winter day<\/a><\/h5><div class=\"date\">February 25, 2020<\/div><\/div><div class=\"clear\"><\/div><div class=\"bottom like-on comment-on\"><div class=\"col\"><a href=\"#\" class=\"zilla-likes\" id=\"zilla-likes-3488\" title=\"Like this\" data-postfix=\" likes\"><i class=\"multimedia-icon-heart\"><\/i> <span>3 likes<\/span><\/a><\/div><div class=\"col\"><i class=\"multimedia-icon-speech-bubble-1\"><\/i> <a href=\"https:\/\/helmutziller.com\/en_us\/2020\/02\/25\/nassereith-ein-strahlend-sonniger-wintertag\/#comments\">No Comments<\/a><\/div><\/div><\/div><\/article><article class=\"blog-item  category-nature with-image col-12\"><div class=\"wrap\"><div class=\"img\" data-original=\"https:\/\/helmutziller.com\/wp-content\/uploads\/2019-11-14-DJI_0423-1024x685.jpg\"><a href=\"https:\/\/helmutziller.com\/en_us\/2019\/11\/15\/der-erste-schnee\/\" style=\"background-image: url(https:\/\/helmutziller.com\/wp-content\/uploads\/2019-11-14-DJI_0423-1024x685.jpg);\"><\/a><\/div><div class=\"content\"><h5><a href=\"https:\/\/helmutziller.com\/en_us\/2019\/11\/15\/der-erste-schnee\/\">The first snow<\/a><\/h5><div class=\"date\">November 15, 2019<\/div><p>2019 it already snowed a bit in the middle of November which sugared the mountains. On this pic you see the pastures of Simmering ...<\/p><\/div><div class=\"clear\"><\/div><div class=\"bottom like-on comment-on\"><div class=\"col\"><a href=\"#\" class=\"zilla-likes\" id=\"zilla-likes-1534\" title=\"Like this\" data-postfix=\" likes\"><i class=\"multimedia-icon-heart\"><\/i> <span>3 likes<\/span><\/a><\/div><div class=\"col\"><i class=\"multimedia-icon-speech-bubble-1\"><\/i> <a href=\"https:\/\/helmutziller.com\/en_us\/2019\/11\/15\/der-erste-schnee\/#comments\">No Comments<\/a><\/div><\/div><\/div><\/article><article class=\"blog-item  category-nature with-image col-12\"><div class=\"wrap\"><div class=\"img\" data-original=\"https:\/\/helmutziller.com\/wp-content\/uploads\/2019-11-10-DJI_0272-e1577133510716-1024x575.jpg\"><a href=\"https:\/\/helmutziller.com\/en_us\/2019\/11\/10\/inspired-by-the-sun\/\" style=\"background-image: url(https:\/\/helmutziller.com\/wp-content\/uploads\/2019-11-10-DJI_0272-e1577133510716-1024x575.jpg);\"><\/a><\/div><div class=\"content\"><h5><a href=\"https:\/\/helmutziller.com\/en_us\/2019\/11\/10\/inspired-by-the-sun\/\">Autumn Mood<\/a><\/h5><div class=\"date\">November 10, 2019<\/div><p>Consistent with my moto to shoot interesting places in and around Nassereith, I paid a visit to Tiefental Wall above Leite. Especially appealing are the autumnly trees ...<\/p><\/div><div class=\"clear\"><\/div><div class=\"bottom like-on comment-on\"><div class=\"col\"><a href=\"#\" class=\"zilla-likes\" id=\"zilla-likes-1198\" title=\"Like this\" data-postfix=\" likes\"><i class=\"multimedia-icon-heart\"><\/i> <span>4 likes<\/span><\/a><\/div><div class=\"col\"><i class=\"multimedia-icon-speech-bubble-1\"><\/i> <a href=\"https:\/\/helmutziller.com\/en_us\/2019\/11\/10\/inspired-by-the-sun\/#comments\">1 Comment<\/a><\/div><\/div><\/div><\/article><article class=\"blog-item  category-portraets with-image col-12\"><div class=\"wrap\"><div class=\"img\" data-original=\"https:\/\/helmutziller.com\/wp-content\/uploads\/2019-10-23-DJI_0221-1024x576.jpg\"><a href=\"https:\/\/helmutziller.com\/en_us\/2019\/10\/23\/wishing-well-2\/\" style=\"background-image: url(https:\/\/helmutziller.com\/wp-content\/uploads\/2019-10-23-DJI_0221-1024x576.jpg);\"><\/a><\/div><div class=\"content\"><h5><a href=\"https:\/\/helmutziller.com\/en_us\/2019\/10\/23\/wishing-well-2\/\">A Farewell to the Dinos<\/a><\/h5><div class=\"date\">October 23, 2019<\/div><p>2019 we had a Dino exhibition as guest in Nassereith. To depict the Dinos in the right perspective, I worked with my DJI Phantom 4 Pro drone. In post processing my goal was to breathe life into the guys ...<\/p><\/div><div class=\"clear\"><\/div><div class=\"bottom like-on comment-on\"><div class=\"col\"><a href=\"#\" class=\"zilla-likes\" id=\"zilla-likes-623\" title=\"Like this\" data-postfix=\" likes\"><i class=\"multimedia-icon-heart\"><\/i> <span>5 likes<\/span><\/a><\/div><div class=\"col\"><i class=\"multimedia-icon-speech-bubble-1\"><\/i> <a href=\"https:\/\/helmutziller.com\/en_us\/2019\/10\/23\/wishing-well-2\/#comments\">No Comments<\/a><\/div><\/div><\/div><\/article><article class=\"blog-item  category-portraets with-image col-12\"><div class=\"wrap\"><div class=\"img\" data-original=\"https:\/\/helmutziller.com\/wp-content\/uploads\/Nellys-Birthday-2019-09-23-DSC4471.jpg\"><a href=\"https:\/\/helmutziller.com\/en_us\/2019\/08\/28\/so-seh-ich-aus\/\" style=\"background-image: url(https:\/\/helmutziller.com\/wp-content\/uploads\/Nellys-Birthday-2019-09-23-DSC4471.jpg);\"><\/a><\/div><div class=\"content\"><h5><a href=\"https:\/\/helmutziller.com\/en_us\/2019\/08\/28\/so-seh-ich-aus\/\">Nelly<\/a><\/h5><div class=\"date\">August 28, 2019<\/div><p>Das ist ein gutes Foto von meinem Geburtstag im August.<\/p><\/div><div class=\"clear\"><\/div><div class=\"bottom like-on comment-on\"><div class=\"col\"><a href=\"#\" class=\"zilla-likes\" id=\"zilla-likes-2940\" title=\"Like this\" data-postfix=\" likes\"><i class=\"multimedia-icon-heart\"><\/i> <span>3 likes<\/span><\/a><\/div><div class=\"col\"><i class=\"multimedia-icon-speech-bubble-1\"><\/i> <a href=\"https:\/\/helmutziller.com\/en_us\/2019\/08\/28\/so-seh-ich-aus\/#comments\">2 Comments<\/a><\/div><\/div><\/div><\/article><\/div><\/div><\/div><\/div><\/div><\/div><div class=\"vc_row-full-width vc_clearfix\"><\/div>\n<\/div>","protected":false},"excerpt":{"rendered":"Das ist ein gutes Foto von meinem Geburtstag im August.","protected":false},"author":1,"featured_media":0,"parent":0,"menu_order":0,"comment_status":"closed","ping_status":"closed","template":"","meta":{"_acf_changed":false,"_monsterinsights_skip_tracking":false,"_monsterinsights_sitenote_active":false,"_monsterinsights_sitenote_note":"","_monsterinsights_sitenote_category":0,"footnotes":""},"class_list":["post-1276","page","type-page","status-publish","hentry"],"acf":[],"_links":{"self":[{"href":"https:\/\/helmutziller.com\/en_us\/wp-json\/wp\/v2\/pages\/1276","targetHints":{"allow":["GET"]}}],"collection":[{"href":"https:\/\/helmutziller.com\/en_us\/wp-json\/wp\/v2\/pages"}],"about":[{"href":"https:\/\/helmutziller.com\/en_us\/wp-json\/wp\/v2\/types\/page"}],"author":[{"embeddable":true,"href":"https:\/\/helmutziller.com\/en_us\/wp-json\/wp\/v2\/users\/1"}],"replies":[{"embeddable":true,"href":"https:\/\/helmutziller.com\/en_us\/wp-json\/wp\/v2\/comments?post=1276"}],"version-history":[{"count":0,"href":"https:\/\/helmutziller.com\/en_us\/wp-json\/wp\/v2\/pages\/1276\/revisions"}],"wp:attachment":[{"href":"https:\/\/helmutziller.com\/en_us\/wp-json\/wp\/v2\/media?parent=1276"}],"curies":[{"name":"wp","href":"https:\/\/api.w.org\/{rel}","templated":true}]}}