{"id":1621,"date":"2019-12-06T16:54:50","date_gmt":"2019-12-06T16:54:50","guid":{"rendered":"http:\/\/192.168.8.211\/wordpress\/?page_id=1621"},"modified":"2023-10-26T11:45:13","modified_gmt":"2023-10-26T11:45:13","slug":"tiere","status":"publish","type":"page","link":"https:\/\/helmutziller.com\/en_us\/grid\/tiere\/","title":{"rendered":"Animals"},"content":{"rendered":"<div class=\"wpb-content-wrapper\"><div data-vc-full-width=\"true\" data-vc-full-width-init=\"false\" data-vc-stretch-content=\"true\" class=\"vc_row wpb_row vc_row-fluid vc_custom_1598289553905 vc_row-5f43f4ef2c637 vc_column-gap-35\"><div class=\"wpb_column vc_column_container vc_col-sm-12 vc_row-5f43f4a19972f\"><div class=\"vc_column-inner vc_custom_1602432176711\"><div class=\"wpb_wrapper\"><h4 style=\"font-size: 32px;line-height: 28px;text-align: center\" class=\"vc_custom_heading vc_do_custom_heading\" >Animals<\/h4><p style=\"font-size: 16px;text-align: center\" class=\"vc_custom_heading vc_do_custom_heading\" >Animals come across everywhere, at home, on a walk or, on a bike tour and also on travels. It is not easy to photograph an animal in a good way, but after some time you get experienced.<\/p><\/div><\/div><\/div><\/div><div class=\"vc_row-full-width vc_clearfix\"><\/div><div class=\"vc_row wpb_row vc_row-fluid vc_row-69e60ac1d5e16\"><div class=\"wpb_column vc_column_container vc_col-sm-12 vc_row-69e60ac1d6040\"><div class=\"vc_column-inner\"><div class=\"wpb_wrapper\"><h5 style=\"font-size: 32px;line-height: 28px;text-align: center\" class=\"vc_custom_heading vc_do_custom_heading\" >Ducklings in Autumn<\/h5>\r\n      <div class=\"project-grid-page\">\r\r\n        <div class=\"post-gallery-grid  id-69e60ac1d6268 grid portfolio_hover_type_9  wpb_animate_when_almost_visible wpb_fadeIn fadeIn disable-iso row popup-gallery\">\r\r\n          \r\n          \r\n          \r\n\r\r\n            <div class=\"portfolio-item col-12 col-sm-4 col-md-4 popup-item\" >\r\r\n              <div class=\"wrap\">\r\r\n                \r\n                  <div class=\"a-img\" data-original=\"https:\/\/helmutziller.com\/wp-content\/uploads\/2023-09-05-DSC0965.jpg\"><div style=\"background-image: url(https:\/\/helmutziller.com\/wp-content\/uploads\/2023-09-05-DSC0965-1024x683.jpg)\"><\/div><\/div>\r\r\n                \r\n                  <div class=\"content without-desc\">\r\r\n                    <h5>Duckling<\/h5>\r\n                  <\/div>\r\r\n                \r\n                <a href=\"https:\/\/helmutziller.com\/wp-content\/uploads\/2023-09-05-DSC0965.jpg\" data-size=\"2200x1467\" data-title=\"Entenk\u00fcken\"><\/a>\r\r\n              <\/div>\r\r\n            <\/div>\r\r\n          \r\n          \r\n          \r\n\r\r\n            <div class=\"portfolio-item col-12 col-sm-4 col-md-4 popup-item\" >\r\r\n              <div class=\"wrap\">\r\r\n                \r\n                  <div class=\"a-img\" data-original=\"https:\/\/helmutziller.com\/wp-content\/uploads\/2023-09-05-DSC0066.jpg\"><div style=\"background-image: url(https:\/\/helmutziller.com\/wp-content\/uploads\/2023-09-05-DSC0066-1024x683.jpg)\"><\/div><\/div>\r\r\n                \r\n                  <div class=\"content without-desc\">\r\r\n                    <h5>Duckling<\/h5>\r\n                  <\/div>\r\r\n                \r\n                <a href=\"https:\/\/helmutziller.com\/wp-content\/uploads\/2023-09-05-DSC0066.jpg\" data-size=\"2200x1467\" data-title=\"Entenk\u00fcken\"><\/a>\r\r\n              <\/div>\r\r\n            <\/div>\r\r\n          \r\n          \r\n          \r\n\r\r\n            <div class=\"portfolio-item col-12 col-sm-4 col-md-4 popup-item\" >\r\r\n              <div class=\"wrap\">\r\r\n                \r\n                  <div class=\"a-img\" data-original=\"https:\/\/helmutziller.com\/wp-content\/uploads\/2023-09-05-DSC0954.jpg\"><div style=\"background-image: url(https:\/\/helmutziller.com\/wp-content\/uploads\/2023-09-05-DSC0954-1024x682.jpg)\"><\/div><\/div>\r\r\n                \r\n                  <div class=\"content without-desc\">\r\r\n                    <h5>Duckling<\/h5>\r\n                  <\/div>\r\r\n                \r\n                <a href=\"https:\/\/helmutziller.com\/wp-content\/uploads\/2023-09-05-DSC0954.jpg\" data-size=\"2200x1466\" data-title=\"Entenk\u00fcken\"><\/a>\r\r\n              <\/div>\r\r\n            <\/div>\r\r\n          \r\n        <\/div>\r\r\n        \r\n      <\/div>\r\r\n    <h5 style=\"font-size: 32px;line-height: 28px;text-align: center\" class=\"vc_custom_heading vc_do_custom_heading\" >Hares<\/h5>\r\n      <div class=\"project-grid-page\">\r\r\n        <div class=\"post-gallery-grid  id-69e60ac1e0955 grid portfolio_hover_type_9  wpb_animate_when_almost_visible wpb_fadeIn fadeIn disable-iso row popup-gallery\">\r\r\n          \r\n          \r\n          \r\n\r\r\n            <div class=\"portfolio-item col-12 col-sm-4 col-md-4 popup-item\" >\r\r\n              <div class=\"wrap\">\r\r\n                \r\n                  <div class=\"a-img\" data-original=\"https:\/\/helmutziller.com\/wp-content\/uploads\/2018-04-27-DSC1629.jpg\"><div style=\"background-image: url(https:\/\/helmutziller.com\/wp-content\/uploads\/2018-04-27-DSC1629-1024x682.jpg)\"><\/div><\/div>\r\r\n                \r\n                  <div class=\"content without-desc\">\r\r\n                    <h5>Hungarian hare<\/h5>\r\n                  <\/div>\r\r\n                \r\n                <a href=\"https:\/\/helmutziller.com\/wp-content\/uploads\/2018-04-27-DSC1629.jpg\" data-size=\"2026x1350\" data-title=\"Ungarischer Feldhase\"><\/a>\r\r\n              <\/div>\r\r\n            <\/div>\r\r\n          \r\n          \r\n          \r\n\r\r\n            <div class=\"portfolio-item col-12 col-sm-4 col-md-4 popup-item\" >\r\r\n              <div class=\"wrap\">\r\r\n                \r\n                  <div class=\"a-img\" data-original=\"https:\/\/helmutziller.com\/wp-content\/uploads\/2018-04-27-DSC1628.jpg\"><div style=\"background-image: url(https:\/\/helmutziller.com\/wp-content\/uploads\/2018-04-27-DSC1628-1024x683.jpg)\"><\/div><\/div>\r\r\n                \r\n                  <div class=\"content without-desc\">\r\r\n                    <h5>Hungarian hare<\/h5>\r\n                  <\/div>\r\r\n                \r\n                <a href=\"https:\/\/helmutziller.com\/wp-content\/uploads\/2018-04-27-DSC1628.jpg\" data-size=\"2025x1350\" data-title=\"Ungarischer Feldhase\"><\/a>\r\r\n              <\/div>\r\r\n            <\/div>\r\r\n          \r\n        <\/div>\r\r\n        \r\n      <\/div>\r\r\n    <h5 style=\"font-size: 32px;line-height: 28px;text-align: center\" class=\"vc_custom_heading vc_do_custom_heading\" >Our bird house<\/h5>\r\n      <div class=\"project-grid-page\">\r\r\n        <div class=\"post-gallery-grid  id-69e60ac1e66f1 grid portfolio_hover_type_9  wpb_animate_when_almost_visible wpb_fadeIn fadeIn disable-iso row popup-gallery\">\r\r\n          \r\n          \r\n          \r\n\r\r\n            <div class=\"portfolio-item col-12 col-sm-4 col-md-4 popup-item\" >\r\r\n              <div class=\"wrap\">\r\r\n                \r\n                  <div class=\"a-img\" data-original=\"https:\/\/helmutziller.com\/wp-content\/uploads\/2018-03-20-DSC0782.jpg\"><div style=\"background-image: url(https:\/\/helmutziller.com\/wp-content\/uploads\/2018-03-20-DSC0782-1024x683.jpg)\"><\/div><\/div>\r\r\n                \r\n                  <div class=\"content without-desc\">\r\r\n                    <h5>I am the boss!<\/h5>\r\n                  <\/div>\r\r\n                \r\n                <a href=\"https:\/\/helmutziller.com\/wp-content\/uploads\/2018-03-20-DSC0782.jpg\" data-size=\"1995x1330\" data-title=\"Der Chef bin ich\"><\/a>\r\r\n              <\/div>\r\r\n            <\/div>\r\r\n          \r\n          \r\n          \r\n\r\r\n            <div class=\"portfolio-item col-12 col-sm-4 col-md-4 popup-item\" >\r\r\n              <div class=\"wrap\">\r\r\n                \r\n                  <div class=\"a-img\" data-original=\"https:\/\/helmutziller.com\/wp-content\/uploads\/2018-03-18-DSC3138-scaled.jpg\"><div style=\"background-image: url(https:\/\/helmutziller.com\/wp-content\/uploads\/2018-03-18-DSC3138-scaled-1024x658.jpg)\"><\/div><\/div>\r\r\n                \r\n                  <div class=\"content without-desc\">\r\r\n                    <h5>Enduring in sleet<\/h5>\r\n                  <\/div>\r\r\n                \r\n                <a href=\"https:\/\/helmutziller.com\/wp-content\/uploads\/2018-03-18-DSC3138-scaled.jpg\" data-size=\"2560x1646\" data-title=\"Ausharren im Schneeregen\"><\/a>\r\r\n              <\/div>\r\r\n            <\/div>\r\r\n          \r\n          \r\n          \r\n\r\r\n            <div class=\"portfolio-item col-12 col-sm-4 col-md-4 popup-item\" >\r\r\n              <div class=\"wrap\">\r\r\n                \r\n                  <div class=\"a-img\" data-original=\"https:\/\/helmutziller.com\/wp-content\/uploads\/2018-02-06-DSC0278.jpg\"><div style=\"background-image: url(https:\/\/helmutziller.com\/wp-content\/uploads\/2018-02-06-DSC0278-1024x683.jpg)\"><\/div><\/div>\r\r\n                \r\n                  <div class=\"content without-desc\">\r\r\n                    <h5>Well visited<\/h5>\r\n                  <\/div>\r\r\n                \r\n                <a href=\"https:\/\/helmutziller.com\/wp-content\/uploads\/2018-02-06-DSC0278.jpg\" data-size=\"2192x1461\" data-title=\"Gut besucht\"><\/a>\r\r\n              <\/div>\r\r\n            <\/div>\r\r\n          \r\n          \r\n          \r\n\r\r\n            <div class=\"portfolio-item col-12 col-sm-4 col-md-4 popup-item\" >\r\r\n              <div class=\"wrap\">\r\r\n                \r\n                  <div class=\"a-img\" data-original=\"https:\/\/helmutziller.com\/wp-content\/uploads\/2021-11-04-DSC7733_web.jpg\"><div style=\"background-image: url(https:\/\/helmutziller.com\/wp-content\/uploads\/2021-11-04-DSC7733_web.jpg)\"><\/div><\/div>\r\r\n                \r\n                  <div class=\"content without-desc\">\r\r\n                    <h5>Star bird discovered walnut<\/h5>\r\n                  <\/div>\r\r\n                \r\n                <a href=\"https:\/\/helmutziller.com\/wp-content\/uploads\/2021-11-04-DSC7733_web.jpg\" data-size=\"2400x1350\" data-title=\"Star hat Nussbaum entdeckt\"><\/a>\r\r\n              <\/div>\r\r\n            <\/div>\r\r\n          \r\n          \r\n          \r\n\r\r\n            <div class=\"portfolio-item col-12 col-sm-4 col-md-4 popup-item\" >\r\r\n              <div class=\"wrap\">\r\r\n                \r\n                  <div class=\"a-img\" data-original=\"https:\/\/helmutziller.com\/wp-content\/uploads\/2021-11-08-DSC7749_web.jpg\"><div style=\"background-image: url(https:\/\/helmutziller.com\/wp-content\/uploads\/2021-11-08-DSC7749_web.jpg)\"><\/div><\/div>\r\r\n                \r\n                  <div class=\"content without-desc\">\r\r\n                    <h5>Star bird on autumn leaves<\/h5>\r\n                  <\/div>\r\r\n                \r\n                <a href=\"https:\/\/helmutziller.com\/wp-content\/uploads\/2021-11-08-DSC7749_web.jpg\" data-size=\"2400x1350\" data-title=\"Star im Herbstlaub\"><\/a>\r\r\n              <\/div>\r\r\n            <\/div>\r\r\n          \r\n        <\/div>\r\r\n        \r\n      <\/div>\r\r\n    <h5 style=\"font-size: 32px;line-height: 28px;text-align: center\" class=\"vc_custom_heading vc_do_custom_heading\" >Nelly<\/h5>\r\n      <div class=\"project-grid-page\">\r\r\n        <div class=\"post-gallery-grid  id-69e60ac1eec6d grid portfolio_hover_type_9  wpb_animate_when_almost_visible wpb_fadeIn fadeIn disable-iso row popup-gallery\">\r\r\n          \r\n          \r\n          \r\n\r\r\n            <div class=\"portfolio-item col-12 col-sm-4 col-md-4 popup-item\" >\r\r\n              <div class=\"wrap\">\r\r\n                \r\n                  <div class=\"a-img\" data-original=\"https:\/\/helmutziller.com\/wp-content\/uploads\/Nellys-Birthday-2019-09-23-DSC4471.jpg\"><div style=\"background-image: url(https:\/\/helmutziller.com\/wp-content\/uploads\/Nellys-Birthday-2019-09-23-DSC4471.jpg)\"><\/div><\/div>\r\r\n                \r\n                  <div class=\"content without-desc\">\r\r\n                    <h5>Nelly&#039;s Geburtstagsessen<\/h5>\r\n                  <\/div>\r\r\n                \r\n                <a href=\"https:\/\/helmutziller.com\/wp-content\/uploads\/Nellys-Birthday-2019-09-23-DSC4471.jpg\" data-size=\"910x553\" data-title=\"Nelly&#039;s Geburtstagsessen\"><\/a>\r\r\n              <\/div>\r\r\n            <\/div>\r\r\n          \r\n          \r\n          \r\n\r\r\n            <div class=\"portfolio-item col-12 col-sm-4 col-md-4 popup-item\" >\r\r\n              <div class=\"wrap\">\r\r\n                \r\n                  <div class=\"a-img\" data-original=\"https:\/\/helmutziller.com\/wp-content\/uploads\/2019-07-30-DSC3819_V2-scaled.jpg\"><div style=\"background-image: url(https:\/\/helmutziller.com\/wp-content\/uploads\/2019-07-30-DSC3819_V2-scaled-1024x683.jpg)\"><\/div><\/div>\r\r\n                \r\n                  <div class=\"content without-desc\">\r\r\n                    <h5>Full moon fantasy<\/h5>\r\n                  <\/div>\r\r\n                \r\n                <a href=\"https:\/\/helmutziller.com\/wp-content\/uploads\/2019-07-30-DSC3819_V2-scaled.jpg\" data-size=\"2560x1707\" data-title=\"Vollmond Fantasie\"><\/a>\r\r\n              <\/div>\r\r\n            <\/div>\r\r\n          \r\n          \r\n          \r\n\r\r\n            <div class=\"portfolio-item col-12 col-sm-4 col-md-4 popup-item\" >\r\r\n              <div class=\"wrap\">\r\r\n                \r\n                  <div class=\"a-img\" data-original=\"https:\/\/helmutziller.com\/wp-content\/uploads\/2019-08-05-DSC3856.jpg\"><div style=\"background-image: url(https:\/\/helmutziller.com\/wp-content\/uploads\/2019-08-05-DSC3856-1024x676.jpg)\"><\/div><\/div>\r\r\n                \r\n                  <div class=\"content without-desc\">\r\r\n                    <h5>Relaxing in a garden chair<\/h5>\r\n                  <\/div>\r\r\n                \r\n                <a href=\"https:\/\/helmutziller.com\/wp-content\/uploads\/2019-08-05-DSC3856.jpg\" data-size=\"2258x1490\" data-title=\"Relaxen im Gartenstuhl\"><\/a>\r\r\n              <\/div>\r\r\n            <\/div>\r\r\n          \r\n          \r\n          \r\n\r\r\n            <div class=\"portfolio-item col-12 col-sm-4 col-md-4 popup-item\" >\r\r\n              <div class=\"wrap\">\r\r\n                \r\n                  <div class=\"a-img\" data-original=\"https:\/\/helmutziller.com\/wp-content\/uploads\/2019-08-23-DSC4137.jpg\"><div style=\"background-image: url(https:\/\/helmutziller.com\/wp-content\/uploads\/2019-08-23-DSC4137-1024x763.jpg)\"><\/div><\/div>\r\r\n                \r\n                  <div class=\"content without-desc\">\r\r\n                    <h5>Warm day in August<\/h5>\r\n                  <\/div>\r\r\n                \r\n                <a href=\"https:\/\/helmutziller.com\/wp-content\/uploads\/2019-08-23-DSC4137.jpg\" data-size=\"2350x1750\" data-title=\"Warmer Augusttag\"><\/a>\r\r\n              <\/div>\r\r\n            <\/div>\r\r\n          \r\n        <\/div>\r\r\n        \r\n      <\/div>\r\r\n    <h5 style=\"font-size: 32px;line-height: 28px;text-align: center\" class=\"vc_custom_heading vc_do_custom_heading\" >Dino Exhibition<\/h5>\r\n      <div class=\"project-grid-page\">\r\r\n        <div class=\"post-gallery-grid  id-69e60ac1f1fe2 grid portfolio_hover_type_9  wpb_animate_when_almost_visible wpb_fadeIn fadeIn disable-iso row popup-gallery\">\r\r\n          \r\n          \r\n          \r\n\r\r\n            <div class=\"portfolio-item col-12 col-sm-4 col-md-4 popup-item\" >\r\r\n              <div class=\"wrap\">\r\r\n                \r\n                  <div class=\"a-img\" data-original=\"https:\/\/helmutziller.com\/wp-content\/uploads\/2019-10-23-DJI_0214.jpg\"><div style=\"background-image: url(https:\/\/helmutziller.com\/wp-content\/uploads\/2019-10-23-DJI_0214-1024x520.jpg)\"><\/div><\/div>\r\r\n                \r\n                  <div class=\"content without-desc\">\r\r\n                    <h5>Leave church in the village<\/h5>\r\n                  <\/div>\r\r\n                \r\n                <a href=\"https:\/\/helmutziller.com\/wp-content\/uploads\/2019-10-23-DJI_0214.jpg\" data-size=\"2448x1242\" data-title=\"Kirche im Dorf lassen\"><\/a>\r\r\n              <\/div>\r\r\n            <\/div>\r\r\n          \r\n          \r\n          \r\n\r\r\n            <div class=\"portfolio-item col-12 col-sm-4 col-md-4 popup-item\" >\r\r\n              <div class=\"wrap\">\r\r\n                \r\n                  <div class=\"a-img\" data-original=\"https:\/\/helmutziller.com\/wp-content\/uploads\/2019-10-23-DJI_0222.jpg\"><div style=\"background-image: url(https:\/\/helmutziller.com\/wp-content\/uploads\/2019-10-23-DJI_0222-1024x512.jpg)\"><\/div><\/div>\r\r\n                \r\n                  <div class=\"content without-desc\">\r\r\n                    <h5>Attack of the carnivores<\/h5>\r\n                  <\/div>\r\r\n                \r\n                <a href=\"https:\/\/helmutziller.com\/wp-content\/uploads\/2019-10-23-DJI_0222.jpg\" data-size=\"2484x1242\" data-title=\"Angriff der Fleischfresser\"><\/a>\r\r\n              <\/div>\r\r\n            <\/div>\r\r\n          \r\n          \r\n          \r\n\r\r\n            <div class=\"portfolio-item col-12 col-sm-4 col-md-4 popup-item\" >\r\r\n              <div class=\"wrap\">\r\r\n                \r\n                  <div class=\"a-img\" data-original=\"https:\/\/helmutziller.com\/wp-content\/uploads\/2019-10-23-DJI_0210.jpg\"><div style=\"background-image: url(https:\/\/helmutziller.com\/wp-content\/uploads\/2019-10-23-DJI_0210-1024x603.jpg)\"><\/div><\/div>\r\r\n                \r\n                  <div class=\"content without-desc\">\r\r\n                    <h5>Overview<\/h5>\r\n                  <\/div>\r\r\n                \r\n                <a href=\"https:\/\/helmutziller.com\/wp-content\/uploads\/2019-10-23-DJI_0210.jpg\" data-size=\"2484x1462\" data-title=\"\u00dcbersicht\"><\/a>\r\r\n              <\/div>\r\r\n            <\/div>\r\r\n          \r\n          \r\n          \r\n\r\r\n            <div class=\"portfolio-item col-12 col-sm-4 col-md-4 popup-item\" >\r\r\n              <div class=\"wrap\">\r\r\n                \r\n                  <div class=\"a-img\" data-original=\"https:\/\/helmutziller.com\/wp-content\/uploads\/2019-10-23-DJI_0221.jpg\"><div style=\"background-image: url(https:\/\/helmutziller.com\/wp-content\/uploads\/2019-10-23-DJI_0221-1024x576.jpg)\"><\/div><\/div>\r\r\n                \r\n                  <div class=\"content without-desc\">\r\r\n                    <h5>After the cow meal<\/h5>\r\n                  <\/div>\r\r\n                \r\n                <a href=\"https:\/\/helmutziller.com\/wp-content\/uploads\/2019-10-23-DJI_0221.jpg\" data-size=\"2124x1195\" data-title=\"Nach der Kuhmahlzeit\"><\/a>\r\r\n              <\/div>\r\r\n            <\/div>\r\r\n          \r\n        <\/div>\r\r\n        \r\n      <\/div>\r\r\n    <h5 style=\"font-size: 32px;line-height: 28px;text-align: center\" class=\"vc_custom_heading vc_do_custom_heading\" >Lake Fernstein ducks<\/h5>\r\n      <div class=\"project-grid-page\">\r\r\n        <div class=\"post-gallery-grid  id-69e60ac20d27b grid portfolio_hover_type_9  wpb_animate_when_almost_visible wpb_fadeIn fadeIn disable-iso row popup-gallery\">\r\r\n          \r\n          \r\n          \r\n\r\r\n            <div class=\"portfolio-item col-12 col-sm-4 col-md-4 popup-item\" >\r\r\n              <div class=\"wrap\">\r\r\n                \r\n                  <div class=\"a-img\" data-original=\"https:\/\/helmutziller.com\/wp-content\/uploads\/2018-03-25-DSC0830.jpg\"><div style=\"background-image: url(https:\/\/helmutziller.com\/wp-content\/uploads\/2018-03-25-DSC0830-1024x683.jpg)\"><\/div><\/div>\r\r\n                \r\n                  <div class=\"content without-desc\">\r\r\n                    <h5>Foraging<\/h5>\r\n                  <\/div>\r\r\n                \r\n                <a href=\"https:\/\/helmutziller.com\/wp-content\/uploads\/2018-03-25-DSC0830.jpg\" data-size=\"2109x1406\" data-title=\"Futtersuche\"><\/a>\r\r\n              <\/div>\r\r\n            <\/div>\r\r\n          \r\n          \r\n          \r\n\r\r\n            <div class=\"portfolio-item col-12 col-sm-4 col-md-4 popup-item\" >\r\r\n              <div class=\"wrap\">\r\r\n                \r\n                  <div class=\"a-img\" data-original=\"https:\/\/helmutziller.com\/wp-content\/uploads\/2018-03-25-DSC0828.jpg\"><div style=\"background-image: url(https:\/\/helmutziller.com\/wp-content\/uploads\/2018-03-25-DSC0828-1024x683.jpg)\"><\/div><\/div>\r\r\n                \r\n                  <div class=\"content without-desc\">\r\r\n                    <h5>Foraging<\/h5>\r\n                  <\/div>\r\r\n                \r\n                <a href=\"https:\/\/helmutziller.com\/wp-content\/uploads\/2018-03-25-DSC0828.jpg\" data-size=\"2250x1500\" data-title=\"Futtersuche\"><\/a>\r\r\n              <\/div>\r\r\n            <\/div>\r\r\n          \r\n          \r\n          \r\n\r\r\n            <div class=\"portfolio-item col-12 col-sm-4 col-md-4 popup-item\" >\r\r\n              <div class=\"wrap\">\r\r\n                \r\n                  <div class=\"a-img\" data-original=\"https:\/\/helmutziller.com\/wp-content\/uploads\/2018-03-25-DSC0827.jpg\"><div style=\"background-image: url(https:\/\/helmutziller.com\/wp-content\/uploads\/2018-03-25-DSC0827-1024x682.jpg)\"><\/div><\/div>\r\r\n                \r\n                  <div class=\"content without-desc\">\r\r\n                    <h5>In icy water<\/h5>\r\n                  <\/div>\r\r\n                \r\n                <a href=\"https:\/\/helmutziller.com\/wp-content\/uploads\/2018-03-25-DSC0827.jpg\" data-size=\"2389x1592\" data-title=\"Im Eiswasser\"><\/a>\r\r\n              <\/div>\r\r\n            <\/div>\r\r\n          \r\n          \r\n          \r\n\r\r\n            <div class=\"portfolio-item col-12 col-sm-4 col-md-4 popup-item\" >\r\r\n              <div class=\"wrap\">\r\r\n                \r\n                  <div class=\"a-img\" data-original=\"https:\/\/helmutziller.com\/wp-content\/uploads\/2018-03-25-DSC0805.jpg\"><div style=\"background-image: url(https:\/\/helmutziller.com\/wp-content\/uploads\/2018-03-25-DSC0805-1024x683.jpg)\"><\/div><\/div>\r\r\n                \r\n                  <div class=\"content without-desc\">\r\r\n                    <h5>Enjoying the sun<\/h5>\r\n                  <\/div>\r\r\n                \r\n                <a href=\"https:\/\/helmutziller.com\/wp-content\/uploads\/2018-03-25-DSC0805.jpg\" data-size=\"2151x1434\" data-title=\"Sonne genie\u00dfen\"><\/a>\r\r\n              <\/div>\r\r\n            <\/div>\r\r\n          \r\n        <\/div>\r\r\n        \r\n      <\/div>\r\r\n    <\/div><\/div><\/div><\/div>\n<\/div>","protected":false},"excerpt":{"rendered":"TiereTieren begegnet man \u00fcberall, zuhause, beim spazieren oder MTB fahren und nat\u00fcrlich auf Reisen. Es ist nicht einfach ein Tier gut zu fotografieren, aber mit der Zeit erreicht man eine gewisse \u00dcbung.Entenk\u00fcken im Herbst Entenk\u00fcken Entenk\u00fcken Entenk\u00fcken Hasen Ungarischer Feldhase Ungarischer Feldhase Unser Vogelhaus Der Chef bin ich Ausharren im Schneeregen Gut besucht Star hat [...]","protected":false},"author":1,"featured_media":0,"parent":796,"menu_order":0,"comment_status":"closed","ping_status":"closed","template":"template-landing.php","meta":{"_acf_changed":false,"_monsterinsights_skip_tracking":false,"_monsterinsights_sitenote_active":false,"_monsterinsights_sitenote_note":"","_monsterinsights_sitenote_category":0,"footnotes":""},"class_list":["post-1621","page","type-page","status-publish","hentry"],"acf":[],"_links":{"self":[{"href":"https:\/\/helmutziller.com\/en_us\/wp-json\/wp\/v2\/pages\/1621","targetHints":{"allow":["GET"]}}],"collection":[{"href":"https:\/\/helmutziller.com\/en_us\/wp-json\/wp\/v2\/pages"}],"about":[{"href":"https:\/\/helmutziller.com\/en_us\/wp-json\/wp\/v2\/types\/page"}],"author":[{"embeddable":true,"href":"https:\/\/helmutziller.com\/en_us\/wp-json\/wp\/v2\/users\/1"}],"replies":[{"embeddable":true,"href":"https:\/\/helmutziller.com\/en_us\/wp-json\/wp\/v2\/comments?post=1621"}],"version-history":[{"count":3,"href":"https:\/\/helmutziller.com\/en_us\/wp-json\/wp\/v2\/pages\/1621\/revisions"}],"predecessor-version":[{"id":10613,"href":"https:\/\/helmutziller.com\/en_us\/wp-json\/wp\/v2\/pages\/1621\/revisions\/10613"}],"up":[{"embeddable":true,"href":"https:\/\/helmutziller.com\/en_us\/wp-json\/wp\/v2\/pages\/796"}],"wp:attachment":[{"href":"https:\/\/helmutziller.com\/en_us\/wp-json\/wp\/v2\/media?parent=1621"}],"curies":[{"name":"wp","href":"https:\/\/api.w.org\/{rel}","templated":true}]}}