{"id":2,"date":"2020-09-29T11:48:29","date_gmt":"2020-09-29T11:48:29","guid":{"rendered":"http:\/\/192.168.8.211\/wordpress\/?page_id=2"},"modified":"2025-12-20T13:16:21","modified_gmt":"2025-12-20T13:16:21","slug":"home","status":"publish","type":"page","link":"https:\/\/helmutziller.com\/en_us\/","title":{"rendered":"Home"},"content":{"rendered":"<div class=\"wpb-content-wrapper\"><div data-vc-full-width=\"true\" data-vc-full-width-init=\"false\" data-vc-stretch-content=\"true\" class=\"vc_row wpb_row vc_row-fluid vc_row-5f807425af54e\"><div class=\"wpb_column vc_column_container vc_col-sm-12 vc_row-5f8075dc06650\"><div class=\"vc_column-inner vc_custom_1602638571174\"><div class=\"wpb_wrapper\">\n\t<div class=\"wpb_text_column wpb_content_element\" >\n\t\t<div class=\"wpb_wrapper\">\n\t\t\t<h2 style=\"text-align: center;\"><span style=\"font-size: 24px;\"><a href=\"https:\/\/helmutziller.com\/en_us\/leistungen\/\">Photographer<\/a> + <a href=\"https:\/\/helmutziller.com\/en_us\/leistungen\/\">Webdesign<\/a> + <a href=\"https:\/\/helmutziller.com\/en_us\/leistungen\/\">Drone Captures<\/a> + <a href=\"https:\/\/helmutziller.com\/en_us\/home-shop\/\">Shop<\/a><\/span><\/h2>\n\n\t\t<\/div>\n\t<\/div>\n<\/div><\/div><\/div><\/div><div class=\"vc_row-full-width vc_clearfix\"><\/div><div data-vc-full-width=\"true\" data-vc-full-width-init=\"false\" data-vc-stretch-content=\"true\" class=\"vc_row wpb_row vc_row-fluid vc_row-5f839772b5a1c vc_row-no-padding vc_row-o-full-height vc_row-o-columns-middle vc_row-flex\"><div class=\"wpb_column vc_column_container vc_col-sm-12 vc_row-5f839824b1770\"><div class=\"vc_column-inner\"><div class=\"wpb_wrapper\"><div class=\"banner-area banner-area-5f82e1c06ff77 external-indent banner-color-inherit\"><div class=\"banner-social-buttons\"><div class=\"links\"><a href=\"https:\/\/500px.com\/helmutziller\" class=\"item\" target=\"_blank\" rel=\"noopener\"><i class=\"fab fa-500px\"><\/i><span>500px<\/span><\/a><a href=\"https:\/\/www.facebook.com\/helmut.ziller.7\" class=\"item\" target=\"_blank\" rel=\"noopener\"><i class=\"fab fa-facebook-f\"><\/i><span>Facebook<\/span><\/a><a href=\"https:\/\/www.instagram.com\/helmutziller\/\" class=\"item\" target=\"_blank\" rel=\"noopener\"><i class=\"fab fa-instagram\"><\/i><span>Instagram<\/span><\/a><a href=\"https:\/\/www.youtube.com\/channel\/UCIwDf1xUToGQiC-IM7i1_NA\" class=\"item\" target=\"_blank\" rel=\"noopener\"><i class=\"fab fa-youtube\"><\/i><span>YouTube<\/span><\/a><\/div><\/div><div class=\"banner-about content\"><div class=\"row\"><div class=\"image col-12 col-md-6\" style=\"background-image: url(https:\/\/helmutziller.com\/wp-content\/uploads\/2019-07-30-Himmel_Portr\u00e4t.jpg)\"><\/div><div class=\"text col-12 col-md-6\"><div class=\"wrap\"><div class=\"cell\"><div class=\"image\" style=\"background-image: url(https:\/\/helmutziller.com\/wp-content\/uploads\/2019-07-30-Himmel_Portr\u00e4t.jpg)\"><\/div><div class=\"sub-h\">About me<\/div><div class=\"heading-decor\"><h3>Helmut Ziller, I am a passionate photographer, drone pilot and web designer,<\/h3><\/div><div class=\"text-p\">and offer you pictures, drone captures and website design and maintenance services. In this website I present my services and my shop. Also I invite you to my blog where you can show your own pics.<\/div><a href=\"https:\/\/helmutziller.com\/en_us\/ueber-mich\/\" class=\"button-style2\" target=\"_self\">Mehr...<\/a><\/div><\/div><\/div><\/div><\/div><div class=\"banner-right-buttons\"><div class=\"cell\"><div class=\"button about\"><span class=\"h\">About me<\/span><span class=\"close\"><i class=\"basic-ui-icon-cancel\"><\/i>Schlie\u00dfen<\/span><\/div><\/div><\/div><div class=\"banner banner-5f82e1c06ff77  fixed-height\" style=\"height:600px;\"><div class=\"item banner-item-63f382e7ff059 tal white\">\r\r\n      <div class=\"bg-image\" style=\"background-image: url(https:\/\/helmutziller.com\/wp-content\/uploads\/1731073135337.jpg)\"><\/div>\r\r\n      \r\r\n      \r\r\n      <div class=\"container\">\r\r\n        <div class=\"cell bottom\">\r\r\n          <div class=\"heading-with-num-type2\">\r\r\n        <div class=\"top\">\r\r\n          <div class=\"num\"><\/div>\r\r\n          \r\r\n        <\/div>\r\r\n        <h4 class=\"h\">Evening Mood<\/h4>\r\r\n      <\/div>\r\r\n          \r\r\n          \r\r\n          \r\r\n        <\/div>\r\r\n      <\/div>\r\r\n    <\/div><div class=\"item banner-item-628cad5fb401c tal white\">\r\r\n      <div class=\"bg-image\" style=\"background-image: url(https:\/\/helmutziller.com\/wp-content\/uploads\/DSC01133_2024-08-28.jpg)\"><\/div>\r\r\n      \r\r\n      \r\r\n      <div class=\"container\">\r\r\n        <div class=\"cell bottom\">\r\r\n          <div class=\"heading-with-num-type2\">\r\r\n        <div class=\"top\">\r\r\n          <div class=\"num\"><\/div>\r\r\n          \r\r\n        <\/div>\r\r\n        <h4 class=\"h\">Lake  Seeben<\/h4>\r\r\n      <\/div>\r\r\n          \r\r\n          \r\r\n          \r\r\n        <\/div>\r\r\n      <\/div>\r\r\n    <\/div><div class=\"item banner-item-5f1c58609c6e9 tal white\">\r\r\n      <div class=\"bg-image\" style=\"background-image: url(https:\/\/helmutziller.com\/wp-content\/uploads\/DSC01163-2024-09-06.jpg)\"><\/div>\r\r\n      \r\r\n      \r\r\n      <div class=\"container\">\r\r\n        <div class=\"cell bottom\">\r\r\n          <div class=\"heading-with-num-type2\">\r\r\n        <div class=\"top\">\r\r\n          <div class=\"num\"><\/div>\r\r\n          \r\r\n        <\/div>\r\r\n        <h4 class=\"h\">Simmering<\/h4>\r\r\n      <\/div>\r\r\n          \r\r\n          \r\r\n          \r\r\n        <\/div>\r\r\n      <\/div>\r\r\n    <\/div><\/div><\/div><\/div><\/div><\/div><\/div><div class=\"vc_row-full-width vc_clearfix\"><\/div><div class=\"vc_row wpb_row vc_row-fluid vc_row-5fd2d729c325d\"><div class=\"wpb_column vc_column_container vc_col-sm-12 vc_hidden-lg vc_hidden-md vc_hidden-sm vc_hidden-xs vc_row-5fd2d75b97eca\"><div class=\"vc_column-inner\"><div class=\"wpb_wrapper\"><div class=\"vc_icon_element vc_icon_element-outer vc_do_icon vc_icon_element-align-center vc_icon_element-have-style\"><div class=\"vc_icon_element-inner vc_icon_element-color-custom vc_icon_element-have-style-inner vc_icon_element-size-xl vc_icon_element-style-rounded-outline vc_icon_element-outline vc_icon_element-background-color-custom\"  style=\"border-color:#ffa500\"><span class=\"vc_icon_element-icon photo-icon-softbox\" ><\/span><\/div><\/div><\/div><\/div><\/div><\/div>\n<\/div>","protected":false},"excerpt":{"rendered":"Fotograf + Webdesign + Drohnenaufnahmen + Shop FacebookYouTube\u00dcber michHelmut Ziller, ich bin ambitionierter Fotograf, Drohnenpilot und Webdesigner,und mache f\u00fcr Euch Fotos, Drohnenaufnahmen und erstelle sowie betreibe Eure Webseiten. Hier pr\u00e4sentiere ich meine Dienstleistungen und meinen Shop. Gerne k\u00f6nnt Ihr Euch auch in meinem Blog anmelden!Mehr...\u00dcber michSchlie\u00dfen Abendstimmung Seebensee Simmering","protected":false},"author":1,"featured_media":0,"parent":0,"menu_order":0,"comment_status":"closed","ping_status":"open","template":"template-landing.php","meta":{"_acf_changed":false,"_monsterinsights_skip_tracking":false,"_monsterinsights_sitenote_active":false,"_monsterinsights_sitenote_note":"","_monsterinsights_sitenote_category":0,"footnotes":""},"class_list":["post-2","page","type-page","status-publish","hentry"],"acf":[],"_links":{"self":[{"href":"https:\/\/helmutziller.com\/en_us\/wp-json\/wp\/v2\/pages\/2","targetHints":{"allow":["GET"]}}],"collection":[{"href":"https:\/\/helmutziller.com\/en_us\/wp-json\/wp\/v2\/pages"}],"about":[{"href":"https:\/\/helmutziller.com\/en_us\/wp-json\/wp\/v2\/types\/page"}],"author":[{"embeddable":true,"href":"https:\/\/helmutziller.com\/en_us\/wp-json\/wp\/v2\/users\/1"}],"replies":[{"embeddable":true,"href":"https:\/\/helmutziller.com\/en_us\/wp-json\/wp\/v2\/comments?post=2"}],"version-history":[{"count":34,"href":"https:\/\/helmutziller.com\/en_us\/wp-json\/wp\/v2\/pages\/2\/revisions"}],"predecessor-version":[{"id":10770,"href":"https:\/\/helmutziller.com\/en_us\/wp-json\/wp\/v2\/pages\/2\/revisions\/10770"}],"wp:attachment":[{"href":"https:\/\/helmutziller.com\/en_us\/wp-json\/wp\/v2\/media?parent=2"}],"curies":[{"name":"wp","href":"https:\/\/api.w.org\/{rel}","templated":true}]}}