{"id":2323,"date":"2019-12-22T12:03:56","date_gmt":"2019-12-22T12:03:56","guid":{"rendered":"http:\/\/192.168.8.211\/wordpress\/?page_id=2323"},"modified":"2020-09-23T09:42:28","modified_gmt":"2020-09-23T09:42:28","slug":"agb","status":"publish","type":"page","link":"https:\/\/helmutziller.com\/en_us\/agb\/","title":{"rendered":"Conditions"},"content":{"rendered":"<p><span style=\"font-size: 20px;\"><strong>Allgemeine Gesch\u00e4ftsbedingungen (AGB)<\/strong><\/span><\/p>\n<p><span style=\"font-size: 20px;\"><strong>\u00a7 1 Verwender<\/strong><\/span><br \/>\nAls Verwender dieser AGB gilt:<br \/>\nwww.helmutziller.com<\/p>\n<p><span style=\"font-size: 20px;\"><strong>\u00a7 2 Geltungsbereich<\/strong><\/span><br \/>\nDiese Allgemeinen Gesch\u00e4ftsbedingungen gelten f\u00fcr alle Rechtsgesch\u00e4fte zwischen dem Verwender und einem Verbraucher (Gem\u00e4\u00df \u00a7 13 BGB einer \u201enat\u00fcrlichen Person, die ein Rechtsgesch\u00e4ft zu Zwecken abschlie\u00dft, die \u00fcberwiegend weder ihrer gewerblichen noch ihrer selbst\u00e4ndigen beruflichen T\u00e4tigkeit zugerechnet werden k\u00f6nnen\u201c).<\/p>\n<p><span style=\"font-size: 20px;\"><strong>\u00a7 3 Vertragsschluss und Speicherung des Vertragstextes<\/strong><\/span><br \/>\nDie Bestimmungen dieser AGB gelten f\u00fcr Bestellungen, welche Verbraucher \u00fcber die Website www.helmutziller.com des Onlineshops abschlie\u00dfen.<\/p>\n<p>Der Vertrag kommt mit dem Verwender (siehe \u00a7 1) zustande.<\/p>\n<p>Die Vorstellung und Beschreibung der Waren auf der Internetseite des Modellshops www.modelldomain.de stellt kein Vertragsangebot dar.<\/p>\n<p>Mit der Bestellung einer Ware durch einen Klick auf den Button \u201ekostenpflichtig bestellen\u201c am Ende des Bestellvorgangs gibt ein Verbraucher ein verbindliches Angebot auf einen Kaufvertragsabschluss ab. Erst mit dem Versand einer Auftragsbest\u00e4tigung per E-Mail durch den Verwender kommt der Vertragsschluss zustande.<\/p>\n<p>Der Vertragstext wird bei Bestellungen gespeichert. Verbraucher erhalten eine E-Mail mit den Bestelldaten und den geltenden AGB. Nach Vertragsschluss sind die Bestelldaten nicht mehr online einsehbar.<\/p>\n<p><span style=\"font-size: 20px;\"><strong>\u00a7 4 Zahlung<\/strong><\/span><br \/>\nDie gesetzliche Umsatzsteuer sowie weitere Preisbestandteile sind in den angegebenen Preisen inbegriffen. Versandkosten sind nicht im angezeigten Preis enthalten und k\u00f6nnen ggf. zus\u00e4tzlich anfallen.<br \/>\nVerbrauchern stehen folgende Zahlungsoptionen zur Verf\u00fcgung:<\/p>\n<p>Paypal<br \/>\n\u00dcberweisung<\/p>\n<p><span style=\"font-size: 20px;\"><strong>\u00a7 5 Lieferung, Lieferungsbeschr\u00e4nkungen<\/strong><\/span><br \/>\nDie Lieferung erfolgt \u2013 sofern die Beschreibung eines gew\u00e4hlten Produkts nicht explizit Abweichendes festlegt \u2013 innerhalb von 7 Werktagen.<br \/>\nDiese Frist beginnt im Falle der Zahlung via \u00dcberweisung oder Paypal am Tag nach Erteilung des Zahlungsauftrages zu laufen.<\/p>\n<p><span style=\"font-size: 20px;\"><strong>\u00a7 6 Gefahren\u00fcbergang<\/strong><\/span><br \/>\nDas Risiko einer zuf\u00e4lligen Verschlechterung oder einem zuf\u00e4lligen Verlust der Ware liegt bis zur \u00dcbergabe der Ware beim Verwender und geht es mit der \u00dcbergabe auf den Verbraucher \u00fcber.<\/p>\n<p><span style=\"font-size: 20px;\"><strong>\u00a7 7 Eigentumsvorbehalt<\/strong><\/span><br \/>\nBis zum vollst\u00e4ndigen Empfang des Kaufpreises beh\u00e4lt sich der Verwender das Eigentum an der Ware vor.<\/p>\n<p><span style=\"font-size: 20px;\"><strong>\u00a7 8 Gew\u00e4hrleistung<\/strong><\/span><br \/>\nDie gesetzlichen Gew\u00e4hrleistungsregelungen gelten.<\/p>","protected":false},"excerpt":{"rendered":"<p>Allgemeine Gesch\u00e4ftsbedingungen (AGB) \u00a7 1 Verwender Als Verwender dieser AGB gilt: www.helmutziller.com \u00a7 2 Geltungsbereich Diese Allgemeinen Gesch\u00e4ftsbedingungen gelten f\u00fcr alle Rechtsgesch\u00e4fte zwischen dem Verwender und einem Verbraucher (Gem\u00e4\u00df \u00a7 13 BGB einer \u201enat\u00fcrlichen Person, die ein Rechtsgesch\u00e4ft zu Zwecken abschlie\u00dft, die \u00fcberwiegend weder ihrer gewerblichen noch ihrer selbst\u00e4ndigen beruflichen T\u00e4tigkeit zugerechnet werden k\u00f6nnen\u201c). \u00a7 [&hellip;]<\/p>","protected":false},"author":1,"featured_media":0,"parent":0,"menu_order":0,"comment_status":"closed","ping_status":"closed","template":"","meta":{"_acf_changed":false,"_monsterinsights_skip_tracking":false,"_monsterinsights_sitenote_active":false,"_monsterinsights_sitenote_note":"","_monsterinsights_sitenote_category":0,"footnotes":""},"class_list":["post-2323","page","type-page","status-publish","hentry"],"acf":[],"_links":{"self":[{"href":"https:\/\/helmutziller.com\/en_us\/wp-json\/wp\/v2\/pages\/2323","targetHints":{"allow":["GET"]}}],"collection":[{"href":"https:\/\/helmutziller.com\/en_us\/wp-json\/wp\/v2\/pages"}],"about":[{"href":"https:\/\/helmutziller.com\/en_us\/wp-json\/wp\/v2\/types\/page"}],"author":[{"embeddable":true,"href":"https:\/\/helmutziller.com\/en_us\/wp-json\/wp\/v2\/users\/1"}],"replies":[{"embeddable":true,"href":"https:\/\/helmutziller.com\/en_us\/wp-json\/wp\/v2\/comments?post=2323"}],"version-history":[{"count":0,"href":"https:\/\/helmutziller.com\/en_us\/wp-json\/wp\/v2\/pages\/2323\/revisions"}],"wp:attachment":[{"href":"https:\/\/helmutziller.com\/en_us\/wp-json\/wp\/v2\/media?parent=2323"}],"curies":[{"name":"wp","href":"https:\/\/api.w.org\/{rel}","templated":true}]}}