{"id":2394,"date":"2019-12-24T12:00:05","date_gmt":"2019-12-24T12:00:05","guid":{"rendered":"http:\/\/192.168.8.211\/wordpress\/?page_id=2394"},"modified":"2019-12-24T23:19:41","modified_gmt":"2019-12-24T23:19:41","slug":"wp-user-fronted-page","status":"publish","type":"page","link":"https:\/\/helmutziller.com\/en_us\/wp-user-fronted-page\/","title":{"rendered":"WP User Fronted Page"},"content":{"rendered":"<div class=\"wpb-content-wrapper\"><div class=\"vc_row wpb_row vc_row-fluid vc_row-69e4905ea386b\"><div class=\"wpb_column vc_column_container vc_col-sm-12 vc_row-69e4905ea3fa5\"><div class=\"vc_column-inner\"><div class=\"wpb_wrapper\">\n\t<div class=\"wpb_raw_code wpb_raw_html wpb_content_element\" >\n\t\t<div class=\"wpb_wrapper\">\n\t\t\t[wpuf_profile type=\"registration\" id=\"2398\"]\n\t\t<\/div>\n\t<\/div>\n\n\t<div class=\"wpb_raw_code wpb_raw_html wpb_content_element\" >\n\t\t<div class=\"wpb_wrapper\">\n\t\t\t\n            <form class=\"wpuf-form-add wpuf-form-layout1 wpuf-theme-style\" action=\"\" method=\"post\" data-trp-original-action=\"\">\n\n                \n                <script type=\"text\/javascript\">\n                    if ( typeof wpuf_conditional_items === 'undefined' ) {\n                        wpuf_conditional_items = [];\n                    }\n\n                    if ( typeof wpuf_plupload_items === 'undefined' ) {\n                        wpuf_plupload_items = [];\n                    }\n\n                    if ( typeof wpuf_map_items === 'undefined' ) {\n                        wpuf_map_items = [];\n                    }\n                <\/script>\n\n                <ul class=\"wpuf-form form-label-left\">\n\n                            <li class=\"wpuf-el post_title\" data-label=\"Beitrags Titel\">\n                    <div class=\"wpuf-label\">\n            <label for=\"post_title_2448\">\n                Beitrags Titel <span class=\"required\">*<\/span>            <\/label>\n        <\/div>\n        \n            <div class=\"wpuf-fields\">\n                <input\n                    class=\"textfield wpuf_post_title_2448\"\n                    id=\"post_title_2448\"\n                    type=\"text\"\n                    data-duplicate=\"\"\n                    data-required=\"yes\"\n                    data-type=\"text\" name=\"post_title\"\n                    placeholder=\"Gib hier den Titel ein\"\n                    value=\"\"\n                    size=\"40\"\n                \/>\n\n                <span class=\"wpuf-wordlimit-message wpuf-help\"><\/span>\n                            <\/div>\n                    <\/li>\n        \n        <li class=\"wpuf-el category field-size-large\" data-label=\"Kategorie\">\n\n                <div class=\"wpuf-label\">\n            <label for=\"category_2448\">\n                Kategorie <span class=\"required\">*<\/span>            <\/label>\n        <\/div>\n                    <div class=\"wpuf-fields wpuf_category_select_2460_2448\">\n            <select data-required=\"yes\" data-type=\"select\"  name='category' id='category' class='category wpuf_category_2448'>\n\t<option value='-1'>&#8211; w\u00e4hle &#8211;<\/option>\n\t<option class=\"level-0\" value=\"31\">Musik<\/option>\n\t<option class=\"level-0\" value=\"27\">Nature<\/option>\n\t<option class=\"level-0\" value=\"69\">Portraits<\/option>\n\t<option class=\"level-0\" value=\"119\">Travels<\/option>\n\t<option class=\"level-0\" value=\"68\">Unkategorisiert<\/option>\n<\/select>\n        <span class=\"wpuf-wordlimit-message wpuf-help\"><\/span>\n                <li class=\"wpuf-el post_content field-size-large\" data-label=\"Beitrags Text\">\n                    <div class=\"wpuf-label\">\n            <label for=\"post_content_2448\">\n                Beitrags Text            <\/label>\n        <\/div>\n        \n                            <div class=\"wpuf-fields\">\n            \n                            <textarea\n                class=\"textareafield  wpuf_post_content_2448\"\n                id=\"post_content_2448\"\n                name=\"post_content\"\n                data-required=\"no\"\n                data-type=\"textarea\"\n                placeholder=\"\"\n                rows=\"5\"\n                cols=\"40\"\n            ><\/textarea>\n            <span class=\"wpuf-wordlimit-message wpuf-help\"><\/span>\n\n                    \n                <span class=\"wpuf-help\">Zus\u00e4tzliche Informationen<\/span>\n                <\/div>\n        <\/li>\n        \n            <li class=\"wpuf-el featured_image field-size-small\" data-label=\"Foto\">\n\n                    <div class=\"wpuf-label\">\n            <label for=\"featured_image_2448\">\n                Foto <span class=\"required\">*<\/span>            <\/label>\n        <\/div>\n        \n        <div class=\"wpuf-fields\">\n            <div id=\"wpuf-featured_image-2448-upload-container\">\n                <div class=\"wpuf-attachment-upload-filelist\" data-type=\"file\" data-required=\"yes\">\n                    <a id=\"wpuf-featured_image-2448-pickfiles\" data-form_id=\"2448\" class=\"button file-selector  wpuf_featured_image_2448\" href=\"#\">Bild herauf laden<\/a>\n\n                    <ul class=\"wpuf-attachment-list thumbnails\">\n\n                        \n                    <\/ul>\n                <\/div>\n            <\/div><!-- .container -->\n\n            \n        <\/div> <!-- .wpuf-fields -->\n\n        <script type=\"text\/javascript\">\n            ;(function($) {\n                $(document).ready( function(){\n                    var uploader = new WPUF_Uploader('wpuf-featured_image-2448-pickfiles', 'wpuf-featured_image-2448-upload-container', 1, 'featured_image', 'jpg,jpeg,gif,png,bmp,webp', 20480);\n                    wpuf_plupload_items.push(uploader);\n                });\n            })(jQuery);\n        <\/script>\n\n                <\/li>\n            \n        <li class=\"wpuf-submit\">\n            <div class=\"wpuf-label\">\n                &nbsp;\n            <\/div>\n\n            <input type=\"hidden\" id=\"_wpnonce\" name=\"_wpnonce\" value=\"968727a813\" \/><input type=\"hidden\" name=\"_wp_http_referer\" value=\"\/en_us\/wp-json\/wp\/v2\/pages\/2394\" \/>            <input type=\"hidden\" name=\"form_id\" value=\"2448\">\n            <input type=\"hidden\" name=\"page_id\" value=\"2394\">\n            <input type=\"hidden\" id=\"del_attach\" name=\"delete_attachments[]\">\n            <input type=\"hidden\" name=\"action\" value=\"wpuf_submit_post\">\n\n            \n                            <input type=\"submit\" class=\"wpuf-submit-button wpuf_submit_2448\" name=\"submit\" value=\"Einreichen\" \/>\n            \n                    <\/li>\n\n        \n                <\/ul>\n\n            <input type=\"hidden\" name=\"trp-form-language\" value=\"en_us\"\/><\/form>\n\n            \n\t\t<\/div>\n\t<\/div>\n<\/div><\/div><\/div><\/div>\n<\/div>","protected":false},"excerpt":{"rendered":"[wpuf_profile type=\"registration\" id=\"2398\"] Beitrags Titel * Kategorie * &#8211; w\u00e4hle &#8211; Musik Natur Portr\u00e4ts Reisen Unkategorisiert Beitrags Text Zus\u00e4tzliche Informationen Foto * Bild herauf laden &nbsp;","protected":false},"author":1,"featured_media":0,"parent":0,"menu_order":0,"comment_status":"closed","ping_status":"closed","template":"template-with-sidebar.php","meta":{"_acf_changed":false,"_monsterinsights_skip_tracking":false,"_monsterinsights_sitenote_active":false,"_monsterinsights_sitenote_note":"","_monsterinsights_sitenote_category":0,"footnotes":""},"class_list":["post-2394","page","type-page","status-publish","hentry"],"acf":[],"_links":{"self":[{"href":"https:\/\/helmutziller.com\/en_us\/wp-json\/wp\/v2\/pages\/2394","targetHints":{"allow":["GET"]}}],"collection":[{"href":"https:\/\/helmutziller.com\/en_us\/wp-json\/wp\/v2\/pages"}],"about":[{"href":"https:\/\/helmutziller.com\/en_us\/wp-json\/wp\/v2\/types\/page"}],"author":[{"embeddable":true,"href":"https:\/\/helmutziller.com\/en_us\/wp-json\/wp\/v2\/users\/1"}],"replies":[{"embeddable":true,"href":"https:\/\/helmutziller.com\/en_us\/wp-json\/wp\/v2\/comments?post=2394"}],"version-history":[{"count":0,"href":"https:\/\/helmutziller.com\/en_us\/wp-json\/wp\/v2\/pages\/2394\/revisions"}],"wp:attachment":[{"href":"https:\/\/helmutziller.com\/en_us\/wp-json\/wp\/v2\/media?parent=2394"}],"curies":[{"name":"wp","href":"https:\/\/api.w.org\/{rel}","templated":true}]}}