{"id":2956,"date":"2020-03-10T15:05:06","date_gmt":"2020-03-10T15:05:06","guid":{"rendered":"http:\/\/192.168.8.211\/wordpress\/?page_id=2956"},"modified":"2020-03-10T15:05:06","modified_gmt":"2020-03-10T15:05:06","slug":"vorher-nachher","status":"publish","type":"page","link":"https:\/\/helmutziller.com\/en_us\/vorher-nachher\/","title":{"rendered":"Vorher\/Nachher"},"content":{"rendered":"<div class=\"wpb-content-wrapper\"><div class=\"vc_row wpb_row vc_row-fluid vc_row-5e6794e4b41ab\"><div class=\"wpb_column vc_column_container vc_col-sm-12 vc_row-69d4a1d575c17\"><div class=\"vc_column-inner\"><div class=\"wpb_wrapper\">      <div class=\"heading-block heading-5e67975404ea6 tac h-h2\">\r\n                  <h2 class=\"h\">Vorher\/Nachher<\/h2>\r\n              <\/div>\r\n    <p style=\"text-align: left\" class=\"vc_custom_heading vc_do_custom_heading\" >Wenn es um den Grad der Bildbearbeitung geht, unterscheide ich erst einmal zwischen verschiedenen Bildgattungen.<br \/>\nEin Pressefoto oder dokumentarisches Foto (z.b.: Autounfall, Naturkatastrophe) sollte verst\u00e4ndlicherweise fast \u00fcberhaupt nicht nachbearbeitet werden, schlie\u00dflich soll es die Realit\u00e4t widerspiegeln.<br \/>\nHingegen ein Foto, das auf einer Kunstausstellung gezeigt werden soll oder zu Werbezwecken gemacht wurde, ist vielleicht ganz bewusst verfremdet worden, weil der Fotograf einen bestimmten Effekt erzielen will \u2013 durch eine sattere Farbe beispielsweise, durch Montage oder mehr Kontrast.<br \/>\nF\u00fcr mich pers\u00f6nlich ist die Nachbearbeitung ein kreativer Prozess, der - wenn gut gemacht - viel Wissen und Fertigkeit erfordert. Von jedem meiner Fotos existiert die Original Version, und der Auftraggeber bestimmt wieviel und auf welche Weise nachbearbeitet wird.<\/p><div class=\"image-comparison-slider\" style=\"\"><div class=\"new\"><img decoding=\"async\" width=\"1024\" height=\"520\" src=\"https:\/\/helmutziller.com\/wp-content\/uploads\/2019-10-09-DSC4879_vorher_web-1024x520.jpg\" class=\"attachment-large size-large\" alt=\"\" \/><\/div><div class=\"resize\"><div class=\"old\"><img decoding=\"async\" width=\"1024\" height=\"520\" src=\"https:\/\/helmutziller.com\/wp-content\/uploads\/2019-10-09-DSC4879_wb-1024x520.jpg\" class=\"attachment-large size-large\" alt=\"\" \/><\/div><\/div><div class=\"line\"><\/div><\/div><h5 style=\"text-align: left\" class=\"vc_custom_heading vc_do_custom_heading\" >Portr\u00e4taufnahme<\/h5><div class=\"vc_row wpb_row vc_inner vc_row-fluid vc_custom_1583851888463\"><div class=\"wpb_column vc_column_container vc_col-sm-12\"><div class=\"vc_column-inner\"><div class=\"wpb_wrapper\"><div class=\"image-comparison-slider\" style=\"\"><div class=\"new\"><img decoding=\"async\" width=\"1024\" height=\"439\" src=\"https:\/\/helmutziller.com\/wp-content\/uploads\/2017-12-21-DSC4474_V2_web-1024x439.jpg\" class=\"attachment-large size-large\" alt=\"\" \/><\/div><div class=\"resize\"><div class=\"old\"><img decoding=\"async\" width=\"1024\" height=\"439\" src=\"https:\/\/helmutziller.com\/wp-content\/uploads\/2017-12-21-DSC4474_V2_vorher_web-1024x439.jpg\" class=\"attachment-large size-large\" alt=\"\" \/><\/div><\/div><div class=\"line\"><\/div><\/div><h5 style=\"text-align: left\" class=\"vc_custom_heading vc_do_custom_heading\" >Cueva de los Verdes, Lanzarote<\/h5><\/div><\/div><\/div><\/div><\/div><\/div><\/div><\/div>\n<\/div>","protected":false},"excerpt":{"rendered":"Vorher\/Nachher Wenn es um den Grad der Bildbearbeitung geht, unterscheide ich erst einmal zwischen verschiedenen Bildgattungen. Ein Pressefoto oder dokumentarisches Foto (z.b.: Autounfall, Naturkatastrophe) sollte verst\u00e4ndlicherweise fast \u00fcberhaupt nicht nachbearbeitet werden, schlie\u00dflich soll es die Realit\u00e4t widerspiegeln. Hingegen ein Foto, das auf einer Kunstausstellung gezeigt werden soll oder zu Werbezwecken gemacht wurde, ist vielleicht ganz [...]","protected":false},"author":1,"featured_media":0,"parent":0,"menu_order":0,"comment_status":"closed","ping_status":"closed","template":"template-landing.php","meta":{"_acf_changed":false,"_monsterinsights_skip_tracking":false,"_monsterinsights_sitenote_active":false,"_monsterinsights_sitenote_note":"","_monsterinsights_sitenote_category":0,"footnotes":""},"class_list":["post-2956","page","type-page","status-publish","hentry"],"acf":[],"_links":{"self":[{"href":"https:\/\/helmutziller.com\/en_us\/wp-json\/wp\/v2\/pages\/2956","targetHints":{"allow":["GET"]}}],"collection":[{"href":"https:\/\/helmutziller.com\/en_us\/wp-json\/wp\/v2\/pages"}],"about":[{"href":"https:\/\/helmutziller.com\/en_us\/wp-json\/wp\/v2\/types\/page"}],"author":[{"embeddable":true,"href":"https:\/\/helmutziller.com\/en_us\/wp-json\/wp\/v2\/users\/1"}],"replies":[{"embeddable":true,"href":"https:\/\/helmutziller.com\/en_us\/wp-json\/wp\/v2\/comments?post=2956"}],"version-history":[{"count":0,"href":"https:\/\/helmutziller.com\/en_us\/wp-json\/wp\/v2\/pages\/2956\/revisions"}],"wp:attachment":[{"href":"https:\/\/helmutziller.com\/en_us\/wp-json\/wp\/v2\/media?parent=2956"}],"curies":[{"name":"wp","href":"https:\/\/api.w.org\/{rel}","templated":true}]}}