{"id":777,"date":"2020-09-20T14:11:40","date_gmt":"2020-09-20T14:11:40","guid":{"rendered":"http:\/\/192.168.8.211\/wordpress\/?page_id=777"},"modified":"2020-11-03T13:45:31","modified_gmt":"2020-11-03T13:45:31","slug":"leistungen","status":"publish","type":"page","link":"https:\/\/helmutziller.com\/en_us\/leistungen\/","title":{"rendered":"Services"},"content":{"rendered":"<div class=\"wpb-content-wrapper\"><div class=\"vc_row wpb_row vc_row-fluid vc_custom_1602325508938 vc_row-5f8094677f8ee\"><div class=\"wpb_column vc_column_container vc_col-sm-12 vc_row-69e4a1c014ba0\"><div class=\"vc_column-inner\"><div class=\"wpb_wrapper\">\n\t<div class=\"wpb_text_column wpb_content_element\" >\n\t\t<div class=\"wpb_wrapper\">\n\t\t\t<h1><span style=\"font-size: 30px; color: #ffa500;\">Services<\/span><\/h1>\n<h4><span style=\"font-size: 24px;\">Portraits + Groups + Animals + Buildings + Image Photos + Landscapes<\/span><\/h4>\n<p style=\"text-align: left;\">Ich bin ein leidenschaftlicher Fotograf und Drohnenpilot und lege viel Wert auf Perfektion in Bildqualit\u00e4t, Perspektive und Ausschnitt. Meine pers\u00f6nlichen Lieblingsmotive sind Portr\u00e4ts und Landschaften. Als professioneller Fotograf biete ich eine Vielzahl an Leistungen f\u00fcr Sie.<\/p>\n\n\t\t<\/div>\n\t<\/div>\n<\/div><\/div><\/div><\/div><div class=\"vc_row wpb_row vc_row-fluid vc_row-5f8368a610f11\"><div class=\"wpb_animate_when_almost_visible wpb_fadeIn fadeIn wpb_column vc_column_container vc_col-sm-12 vc_row-5f9f040ae85dc\"><div class=\"vc_column-inner\"><div class=\"wpb_wrapper\">      <div class=\"heading-block heading-5d67b7e3a17a4 tac h-h3 with-line vc_custom_1602374357361\">\r\n                  <h3 class=\"h\">Why me?<\/h3>\r\n              <\/div>\r\n    <div class=\"vc_row wpb_row vc_inner vc_row-fluid vc_row-o-equal-height vc_row-flex\"><div class=\"wpb_column vc_column_container vc_col-sm-4\"><div class=\"vc_column-inner vc_custom_1505483962485\"><div class=\"wpb_wrapper\"><div class=\"vc_icon_element vc_icon_element-outer vc_do_icon vc_icon_element-align-center vc_icon_element-have-style\"><div class=\"vc_icon_element-inner vc_icon_element-color-custom vc_icon_element-have-style-inner vc_icon_element-size-xl vc_icon_element-style-rounded-outline vc_icon_element-outline vc_icon_element-background-color-custom\"  style=\"border-color:#ffa500\"><span class=\"vc_icon_element-icon photo-icon-softbox\" ><\/span><\/div><\/div>\n\t<div class=\"wpb_text_column wpb_content_element\" >\n\t\t<div class=\"wpb_wrapper\">\n\t\t\t<h6 style=\"text-align: center;\"><span style=\"text-transform: uppercase;\">At best illumination<\/span><\/h6>\n<p style=\"text-align: center;\"><em>I do my shots just when the lightening is perfect.<\/em><\/p>\n\n\t\t<\/div>\n\t<\/div>\n<\/div><\/div><\/div><div class=\"wpb_column vc_column_container vc_col-sm-4\"><div class=\"vc_column-inner vc_custom_1505483969540\"><div class=\"wpb_wrapper\"><div class=\"vc_icon_element vc_icon_element-outer vc_do_icon vc_icon_element-align-center vc_icon_element-have-style\"><div class=\"vc_icon_element-inner vc_icon_element-color-custom vc_icon_element-have-style-inner vc_icon_element-size-xl vc_icon_element-style-rounded-outline vc_icon_element-outline vc_icon_element-background-color-custom\"  style=\"border-color:#ffa500\"><span class=\"vc_icon_element-icon photo-icon-photographer-with-camera\" ><\/span><\/div><\/div>\n\t<div class=\"wpb_text_column wpb_content_element\" >\n\t\t<div class=\"wpb_wrapper\">\n\t\t\t<h6 style=\"text-align: center;\"><span style=\"text-transform: uppercase;\">Professionality<\/span><\/h6>\n<p style=\"text-align: center;\"><em>I do not only great captures, I am able to enhance them further by post processing.<\/em><\/p>\n\n\t\t<\/div>\n\t<\/div>\n<\/div><\/div><\/div><div class=\"wpb_column vc_column_container vc_col-sm-4\"><div class=\"vc_column-inner vc_custom_1505483974400\"><div class=\"wpb_wrapper\"><div class=\"vc_icon_element vc_icon_element-outer vc_do_icon vc_icon_element-align-center vc_icon_element-have-style\"><div class=\"vc_icon_element-inner vc_icon_element-color-custom vc_icon_element-have-style-inner vc_icon_element-size-xl vc_icon_element-style-rounded-outline vc_icon_element-outline vc_icon_element-background-color-custom\"  style=\"border-color:#ffa500\"><span class=\"vc_icon_element-icon photo-icon-camera-top-view\" ><\/span><\/div><\/div>\n\t<div class=\"wpb_text_column wpb_content_element\" >\n\t\t<div class=\"wpb_wrapper\">\n\t\t\t<h6 style=\"text-align: center;\"><span style=\"text-transform: uppercase;\">Perfect equipment<\/span><\/h6>\n<p style=\"text-align: center;\"><em>I use the most advanced cameras and lenses for any purpose.<\/em><\/p>\n\n\t\t<\/div>\n\t<\/div>\n<\/div><\/div><\/div><div class=\"wpb_column vc_column_container vc_col-sm-4\"><div class=\"vc_column-inner vc_custom_1505483979333\"><div class=\"wpb_wrapper\"><div class=\"vc_icon_element vc_icon_element-outer vc_do_icon vc_icon_element-align-center vc_icon_element-have-style\"><div class=\"vc_icon_element-inner vc_icon_element-color-custom vc_icon_element-have-style-inner vc_icon_element-size-xl vc_icon_element-style-rounded-outline vc_icon_element-outline vc_icon_element-background-color-custom\"  style=\"border-color:#ffa500\"><span class=\"vc_icon_element-icon photo-icon-camera-synchronation\" ><\/span><\/div><\/div>\n\t<div class=\"wpb_text_column wpb_content_element\" >\n\t\t<div class=\"wpb_wrapper\">\n\t\t\t<h6 style=\"text-align: center;\"><span style=\"text-transform: uppercase;\">ultra hd<\/span><\/h6>\n<p style=\"text-align: center;\"><em>My drone captures are done in 4K 60 FPS.<\/em><\/p>\n\n\t\t<\/div>\n\t<\/div>\n<\/div><\/div><\/div><div class=\"wpb_column vc_column_container vc_col-sm-4\"><div class=\"vc_column-inner vc_custom_1505483984191\"><div class=\"wpb_wrapper\"><div class=\"vc_icon_element vc_icon_element-outer vc_do_icon vc_icon_element-align-center vc_icon_element-have-style\"><div class=\"vc_icon_element-inner vc_icon_element-color-custom vc_icon_element-have-style-inner vc_icon_element-size-xl vc_icon_element-style-rounded-outline vc_icon_element-outline vc_icon_element-background-color-custom\"  style=\"border-color:#ffa500\"><span class=\"vc_icon_element-icon photo-icon-eye\" ><\/span><\/div><\/div>\n\t<div class=\"wpb_text_column wpb_content_element\" >\n\t\t<div class=\"wpb_wrapper\">\n\t\t\t<h6 style=\"text-align: center;\"><span style=\"text-transform: uppercase;\">Special perspective<\/span><\/h6>\n<p style=\"text-align: center;\"><em>I choose angle, cutout and postprocessing to present the object in its best.<\/em><\/p>\n\n\t\t<\/div>\n\t<\/div>\n<\/div><\/div><\/div><div class=\"wpb_column vc_column_container vc_col-sm-4\"><div class=\"vc_column-inner vc_custom_1505483989290\"><div class=\"wpb_wrapper\"><div class=\"vc_icon_element vc_icon_element-outer vc_do_icon vc_icon_element-align-center vc_icon_element-have-style\"><div class=\"vc_icon_element-inner vc_icon_element-color-custom vc_icon_element-have-style-inner vc_icon_element-size-xl vc_icon_element-style-rounded-outline vc_icon_element-outline vc_icon_element-background-color-custom\"  style=\"border-color:#ffa500\"><span class=\"vc_icon_element-icon photo-icon-printing-photo\" ><\/span><\/div><\/div>\n\t<div class=\"wpb_text_column wpb_content_element\" >\n\t\t<div class=\"wpb_wrapper\">\n\t\t\t<h6 style=\"text-align: center;\"><span style=\"text-transform: uppercase;\">Highest Quality Print<\/span><\/h6>\n<p style=\"text-align: center;\"><em>You can order your pictures in any size and format (up to A0) and have them printed in best quality.<\/em><\/p>\n\n\t\t<\/div>\n\t<\/div>\n<\/div><\/div><\/div><\/div><\/div><\/div><\/div><\/div><div data-vc-full-width=\"true\" data-vc-full-width-init=\"false\" data-vc-stretch-content=\"true\" class=\"vc_row wpb_row vc_row-fluid vc_custom_1604258746291 vc_row-5de6ad50c0f3d vc_row-no-padding\"><div class=\"wpb_animate_when_almost_visible wpb_fadeIn fadeIn wpb_column vc_column_container vc_col-sm-12 vc_row-5f9efc2341722\"><div class=\"vc_column-inner\"><div class=\"wpb_wrapper\"><div class=\"price-list-type2 row price-list-type2-59c284b183e9e\"><div class=\"item price-list-type2-item-59c28461bdf64\">\r\r\n        <h6 class=\"h\">Individual Photo Session<\/h6>\r\r\n        <div class=\"price\">\u20ac 169.-<\/div>\r\r\n        <div class=\"img\" style=\"background-image: url(https:\/\/helmutziller.com\/wp-content\/uploads\/Nellys-Birthday-2019-09-23-DSC4471.jpg)\"><\/div>\r\r\n        <div class=\"options\">\r\r\n            <div class=\"heading-decor\"><h5>Peaople and animals<\/h5><\/div>\r\r\n            <div class=\"o-row\">At lest 1 hour of shooting<br \/><\/div><div class=\"o-row\">Professional post processing of the pictures (up to 12 photos)<br \/><\/div><div class=\"o-row\">Print of the photos in format 10x15cm, optional up to 420x594cm possible<br \/><\/div><div class=\"o-row\">All photos on digital media<br \/><\/div><div class=\"o-row\">Choose yourself object (portrait, group, children, baby, animals) and location<\/div>\r\r\n        <\/div>\r\r\n        \r\r\n    <\/div><div class=\"item price-list-type2-item-59c28461bdf64\">\r\r\n        <h6 class=\"h\">Buildings outside and inside<\/h6>\r\r\n        <div class=\"price\">\u20ac 209.-<\/div>\r\r\n        <div class=\"img\" style=\"background-image: url(https:\/\/helmutziller.com\/wp-content\/uploads\/2018-12-25-Schloss_DJI_0064_web.jpg)\"><\/div>\r\r\n        <div class=\"options\">\r\r\n            <div class=\"heading-decor\"><h5>Business- or private property<\/h5><\/div>\r\r\n            <div class=\"o-row\">1 hour on site shooting<br \/><\/div><div class=\"o-row\">Drone and classic photos from building and surroundings<br \/><\/div><div class=\"o-row\">Interior captures using high end lenses<br \/><\/div><div class=\"o-row\">Post processing of pictures (retouch, adaption to already existing material,...)<br \/><\/div><div class=\"o-row\">Printing of pictures in format 10x15, optional up to 420x594cm possible<br \/><\/div><div class=\"o-row\">All photos on digital media<\/div>\r\r\n        <\/div>\r\r\n        \r\r\n    <\/div><div class=\"item price-list-type2-item-59c28461bdf64\">\r\r\n        <h6 class=\"h\">Web Design<\/h6>\r\r\n        <div class=\"price\">By arrangement<\/div>\r\r\n        <div class=\"img\" style=\"background-image: url(https:\/\/helmutziller.com\/wp-content\/uploads\/Web-Design_web-.jpg)\"><\/div>\r\r\n        <div class=\"options\">\r\r\n            <div class=\"heading-decor\"><h5>New implementations and maintenance<\/h5><\/div>\r\r\n            <div class=\"o-row\">If you want more than a modular building block website. we offer you:<br \/><\/div><div class=\"o-row\">Detailed and professional transformation of your idea to responsive design<br \/><\/div><div class=\"o-row\">Competent implementation of effects, functions and media deployment<br \/><\/div><div class=\"o-row\">Optimization of website responsiveness<br \/><\/div><div class=\"o-row\">Price by arrangement<\/div>\r\r\n        <\/div>\r\r\n        \r\r\n    <\/div><div class=\"item price-list-type2-item-59c28461bdf64\">\r\r\n        <h6 class=\"h\">Photo Workshop<\/h6>\r\r\n        <div class=\"price\">\u20ac 159.-<\/div>\r\r\n        <div class=\"img\" style=\"background-image: url(https:\/\/helmutziller.com\/wp-content\/uploads\/2017-12-18-DSC4061_web.jpg)\"><\/div>\r\r\n        <div class=\"options\">\r\r\n            <div class=\"heading-decor\"><h5>Basics of professional photography<\/h5><\/div>\r\r\n            <div class=\"o-row\">Benefit from my experience<br \/><\/div><div class=\"o-row\">We show you the right usage of camera and lenses<br \/><\/div><div class=\"o-row\">Depending on your interests landscape-, portrait-, building or macro photography<br \/><\/div><div class=\"o-row\">Post processing of the raw file using common tools<\/div>\r\r\n        <\/div>\r\r\n        \r\r\n    <\/div><div class=\"item price-list-type2-item-59c28461bdf64\">\r\r\n        <h6 class=\"h\">Workshop Post Processing<\/h6>\r\r\n        <div class=\"price\">\u20ac 159.-<\/div>\r\r\n        <div class=\"img\" style=\"background-image: url(https:\/\/helmutziller.com\/wp-content\/uploads\/Foto-Worshop_web.jpg)\"><\/div>\r\r\n        <div class=\"options\">\r\r\n            <div class=\"heading-decor\"><h5>Grundlagen der Bildbearbeitung<\/h5><\/div>\r\r\n            <div class=\"o-row\">We show you by the use of common post processing tool like Adobe Lightroom, Photoshop or gimp the steps from RAW to optimized picture<br \/><\/div><div class=\"o-row\">Isolated processing of different picture areas<br \/><\/div><div class=\"o-row\">HDR pictures and merging of multiple RAW files<br \/><\/div><div class=\"o-row\">Automatization and Scripting of post processing tasks<\/div>\r\r\n        <\/div>\r\r\n        \r\r\n    <\/div><\/div><\/div><\/div><\/div><\/div><div class=\"vc_row-full-width vc_clearfix\"><\/div><div class=\"vc_row wpb_row vc_row-fluid vc_custom_1604258377772 vc_row-5f7dceb4cae2a vc_row-o-full-height vc_row-o-columns-middle vc_row-o-equal-height vc_row-flex\"><div class=\"wpb_column vc_column_container vc_col-sm-12 vc_row-5f7dcae49b202\"><div class=\"vc_column-inner\"><div class=\"wpb_wrapper\"><div class=\"image-comparison-slider\" style=\"\"><div class=\"new\"><img decoding=\"async\" width=\"1024\" height=\"520\" src=\"https:\/\/helmutziller.com\/wp-content\/uploads\/2019-10-09-DSC4879_wb-1024x520.jpg\" class=\"attachment-large size-large\" alt=\"\" \/><\/div><div class=\"resize\"><div class=\"old\"><img decoding=\"async\" width=\"1024\" height=\"520\" src=\"https:\/\/helmutziller.com\/wp-content\/uploads\/2019-10-09-DSC4879_vorher_web-1024x520.jpg\" class=\"attachment-large size-large\" alt=\"\" \/><\/div><\/div><div class=\"line\"><\/div><\/div><div class=\"image-comparison-slider\" style=\"\"><div class=\"new\"><img decoding=\"async\" width=\"1024\" height=\"576\" src=\"https:\/\/helmutziller.com\/wp-content\/uploads\/DSC6036_color_web-1024x576.jpg\" class=\"attachment-large size-large\" alt=\"\" \/><\/div><div class=\"resize\"><div class=\"old\"><img decoding=\"async\" width=\"1024\" height=\"576\" src=\"https:\/\/helmutziller.com\/wp-content\/uploads\/DSC6036_bw_web-1024x576.jpg\" class=\"attachment-large size-large\" alt=\"\" \/><\/div><\/div><div class=\"line\"><\/div><\/div><\/div><\/div><\/div><\/div><div data-vc-full-width=\"true\" data-vc-full-width-init=\"false\" data-vc-stretch-content=\"true\" class=\"vc_row wpb_row vc_row-fluid vc_custom_1604257543764 vc_row-5f68abc9084fb\"><div class=\"wpb_animate_when_almost_visible wpb_fadeInUp fadeInUp wpb_column vc_column_container vc_col-sm-12 vc_row-5f68ab62701bd vc_col-has-fill\"><div class=\"vc_column-inner vc_custom_1604304278563\"><div class=\"wpb_wrapper\">      <div class=\"heading-block heading-5d67b8b3d3ca3 tac h-h2 with-line\">\r\n                  <h2 class=\"h\">References<\/h2>\r\n              <\/div>\r\n    <div class=\"testimonials row testimonials-5deadd970f053\"><div class=\"item\"><div class=\"row\"><div class=\"col-12 col-sm-6 image\"><div style=\"background-image: url(https:\/\/helmutziller.com\/wp-content\/uploads\/2020-07-11-DSC6326_web.jpg)\"><\/div><\/div><div class=\"col-12 col-sm-6 offset-sm-6\"><div class=\"quote\"><div class=\"q\">\u201c<\/div>\u201cFor my Internet presence I needed a series of portraits of Yoga poses. All picture were of highest quality and innovative at the same time (drone shots of Yoga poses!). For the post processing I could define the exact stile. A moody background was important and the location directly at hellmutziller .com was the perfect place for this\u201c<\/div><h4>Florine Ohlhauser<\/h4><div class=\"post\">Passionate Yoga Teacher<\/div><\/div><\/div><\/div><div class=\"item\"><div class=\"row\"><div class=\"col-12 col-sm-6 image\"><div style=\"background-image: url(https:\/\/helmutziller.com\/wp-content\/uploads\/7P3A0112_web.jpg)\"><\/div><\/div><div class=\"col-12 col-sm-6 offset-sm-6\"><div class=\"quote\"><div class=\"q\">\u201c<\/div>\u201chelmutziller.com is in charge of our website now for 2 years and I am very pleased by his work. I get all services from one hand, pictures in high quality as well as adjustments, tracking and SEO on our website. And this on shorest notice.\"<\/div><h4>Bernward K\u00f6hle<\/h4><div class=\"post\">Hotelier<\/div><\/div><\/div><\/div><div class=\"item\"><div class=\"row\"><div class=\"col-12 col-sm-6 image\"><div style=\"background-image: url(https:\/\/helmutziller.com\/wp-content\/uploads\/2019-01-04-Zu_Zweit_auf_Moped_1.jpg)\"><\/div><\/div><div class=\"col-12 col-sm-6 offset-sm-6\"><div class=\"quote\"><div class=\"q\">\u201c<\/div>\u201chelmutziller.com did portraits of my daughter, me and our dog. In relaxed atmosphere it was completed within one hour. Already two days later I got the pictures in a quality which superseded  all my expectations.\u201d<\/div><h4>Benni Falbesoner<\/h4><div class=\"post\">Tunnel Construction Specialist<\/div><\/div><\/div><\/div><div class=\"item\"><div class=\"row\"><div class=\"col-12 col-sm-6 image\"><div style=\"background-image: url(https:\/\/helmutziller.com\/wp-content\/uploads\/Brot-vor-Zugspitze_DSC2850.jpg)\"><\/div><\/div><div class=\"col-12 col-sm-6 offset-sm-6\"><div class=\"quote\"><div class=\"q\">\u201c<\/div>\u201chelmutziller.com simply produces the best photos. Especially important for us are drone captures, which show our hotel, apartment building and outdoor facilities in the right perspective. Also the interior pictures - a dream - perfect lenses and professional post processing\u201c<\/div><h4>Irene Scheiderbauer<\/h4><div class=\"post\">Hotelier<\/div><\/div><\/div><\/div><\/div><\/div><\/div><\/div><\/div><div class=\"vc_row-full-width vc_clearfix\"><\/div><div class=\"vc_row wpb_row vc_row-fluid vc_row-69e4a1c0286df\"><div class=\"wpb_column vc_column_container vc_col-sm-12 vc_hidden-lg vc_hidden-md vc_hidden-sm vc_hidden-xs vc_row-5fa15ee3583fe\"><div class=\"vc_column-inner\"><div class=\"wpb_wrapper\">    <div class=\"brand-block swiper-container brand-block-5d66456614dc0\" data-magic-cursor=\"link-w-text\" data-magic-cursor-text=\"Drag\">\r\n      <div class=\"swiper-wrapper\">\r\n            <div class=\"brand-item swiper-slide brand-item-5d6646a5dbc34\">\r\n      <div class=\"content\">\r\n                  <a href=\"https:\/\/www.fernsteinsee.at\/\" target=\"_blank\" rel=\"noopener\">\r\n                  <img decoding=\"async\" width=\"208\" height=\"142\" src=\"https:\/\/helmutziller.com\/wp-content\/uploads\/logo-hotel-schloss-fernsteinsee-w.png\" class=\"attachment-full size-full\" alt=\"\" \/>          <img decoding=\"async\" width=\"208\" height=\"142\" src=\"https:\/\/helmutziller.com\/wp-content\/uploads\/logo-hotel-schloss-fernsteinsee-w.png\" class=\"attachment-full size-full\" alt=\"\" \/>                  <\/a>\r\n              <\/div>\r\n    <\/div>\r\n        <div class=\"brand-item swiper-slide brand-item-5d6646d2e0aa8\">\r\n      <div class=\"content\">\r\n                  <a href=\"https:\/\/www.hellitom.com\/\" target=\"_blank\" rel=\"noopener\">\r\n                  <img decoding=\"async\" width=\"140\" height=\"178\" src=\"https:\/\/helmutziller.com\/wp-content\/uploads\/Logo_gerade_grau_mit_Linse_transparent-e1604265197190.png\" class=\"attachment-full size-full\" alt=\"\" \/>          <img decoding=\"async\" width=\"140\" height=\"178\" src=\"https:\/\/helmutziller.com\/wp-content\/uploads\/Logo_gerade_grau_mit_Linse_transparent-e1604265197190.png\" class=\"attachment-full size-full\" alt=\"\" \/>                  <\/a>\r\n              <\/div>\r\n    <\/div>\r\n          <\/div>\r\n    <\/div>\r\n    <\/div><\/div><\/div><\/div>\n<\/div>","protected":false},"excerpt":{"rendered":"Leistungen Portr\u00e4ts + Gruppen + Tiere + Geb\u00e4ude + Imagefotos + Landschaften Ich bin ein leidenschaftlicher Fotograf und Drohnenpilot und lege viel Wert auf Perfektion in Bildqualit\u00e4t, Perspektive und Ausschnitt. Meine pers\u00f6nlichen Lieblingsmotive sind Portr\u00e4ts und Landschaften. Als professioneller Fotograf biete ich eine Vielzahl an Leistungen f\u00fcr Sie. Warum ich? Beim Besten Licht Ich mache [...]","protected":false},"author":1,"featured_media":0,"parent":0,"menu_order":0,"comment_status":"closed","ping_status":"closed","template":"template-landing.php","meta":{"_acf_changed":false,"_monsterinsights_skip_tracking":false,"_monsterinsights_sitenote_active":false,"_monsterinsights_sitenote_note":"","_monsterinsights_sitenote_category":0,"footnotes":""},"class_list":["post-777","page","type-page","status-publish","hentry"],"acf":[],"_links":{"self":[{"href":"https:\/\/helmutziller.com\/en_us\/wp-json\/wp\/v2\/pages\/777","targetHints":{"allow":["GET"]}}],"collection":[{"href":"https:\/\/helmutziller.com\/en_us\/wp-json\/wp\/v2\/pages"}],"about":[{"href":"https:\/\/helmutziller.com\/en_us\/wp-json\/wp\/v2\/types\/page"}],"author":[{"embeddable":true,"href":"https:\/\/helmutziller.com\/en_us\/wp-json\/wp\/v2\/users\/1"}],"replies":[{"embeddable":true,"href":"https:\/\/helmutziller.com\/en_us\/wp-json\/wp\/v2\/comments?post=777"}],"version-history":[{"count":0,"href":"https:\/\/helmutziller.com\/en_us\/wp-json\/wp\/v2\/pages\/777\/revisions"}],"wp:attachment":[{"href":"https:\/\/helmutziller.com\/en_us\/wp-json\/wp\/v2\/media?parent=777"}],"curies":[{"name":"wp","href":"https:\/\/api.w.org\/{rel}","templated":true}]}}