{"id":10307,"date":"2022-06-22T11:19:45","date_gmt":"2022-06-22T11:19:45","guid":{"rendered":"https:\/\/helmutziller.com\/?post_type=product&#038;p=10307"},"modified":"2022-11-02T18:13:42","modified_gmt":"2022-11-02T18:13:42","slug":"biene-mag-kirschblueten-nektar","status":"publish","type":"product","link":"https:\/\/helmutziller.com\/en_us\/product\/biene-mag-kirschblueten-nektar\/","title":{"rendered":"Biene mag Kirschbl\u00fcten Nektar"},"content":{"rendered":"","protected":false},"excerpt":{"rendered":"<p>Mein Garten ist f\u00fcr mich stets interessant zum Fotografieren, speziell im Fr\u00fchjahr wenn Pflanzen und Tiere wieder zum Leben erwachen. In diesem Bild hab ich die Nahrungssuche einer Biene am Kirschbaum mit einem sch\u00f6nen Hintergrund Bokeh eingefangen.<\/p>","protected":false},"featured_media":10317,"comment_status":"open","ping_status":"closed","template":"","meta":{"_acf_changed":false,"_monsterinsights_skip_tracking":false,"_monsterinsights_sitenote_active":false,"_monsterinsights_sitenote_note":"","_monsterinsights_sitenote_category":0},"product_cat":[52],"product_tag":[],"class_list":{"0":"post-10307","1":"product","2":"type-product","3":"status-publish","4":"has-post-thumbnail","6":"product_cat-wandbilder","8":"first","9":"instock","10":"sale","11":"shipping-taxable","12":"purchasable","13":"product-type-variable"},"acf":[],"_links":{"self":[{"href":"https:\/\/helmutziller.com\/en_us\/wp-json\/wp\/v2\/product\/10307","targetHints":{"allow":["GET"]}}],"collection":[{"href":"https:\/\/helmutziller.com\/en_us\/wp-json\/wp\/v2\/product"}],"about":[{"href":"https:\/\/helmutziller.com\/en_us\/wp-json\/wp\/v2\/types\/product"}],"replies":[{"embeddable":true,"href":"https:\/\/helmutziller.com\/en_us\/wp-json\/wp\/v2\/comments?post=10307"}],"wp:featuredmedia":[{"embeddable":true,"href":"https:\/\/helmutziller.com\/en_us\/wp-json\/wp\/v2\/media\/10317"}],"wp:attachment":[{"href":"https:\/\/helmutziller.com\/en_us\/wp-json\/wp\/v2\/media?parent=10307"}],"wp:term":[{"taxonomy":"product_cat","embeddable":true,"href":"https:\/\/helmutziller.com\/en_us\/wp-json\/wp\/v2\/product_cat?post=10307"},{"taxonomy":"product_tag","embeddable":true,"href":"https:\/\/helmutziller.com\/en_us\/wp-json\/wp\/v2\/product_tag?post=10307"}],"curies":[{"name":"wp","href":"https:\/\/api.w.org\/{rel}","templated":true}]}}