{"id":10319,"date":"2022-06-22T11:45:46","date_gmt":"2022-06-22T11:45:46","guid":{"rendered":"https:\/\/helmutziller.com\/?post_type=product&#038;p=10319"},"modified":"2022-11-02T18:13:42","modified_gmt":"2022-11-02T18:13:42","slug":"obst-und-gemuese-korb","status":"publish","type":"product","link":"https:\/\/helmutziller.com\/en_us\/product\/obst-und-gemuese-korb\/","title":{"rendered":"Obst und Gem\u00fcse Korb"},"content":{"rendered":"","protected":false},"excerpt":{"rendered":"<p>Es ist immer gut frisches Obst und Gem\u00fcse zuhause zu haben. F\u00fcr ein Foto hab ich an einem sonnigen Herbsttag meinen Vorrat h\u00fcbsch drapiert und abgelichtet.<\/p>","protected":false},"featured_media":10329,"comment_status":"open","ping_status":"closed","template":"","meta":{"_acf_changed":false,"_monsterinsights_skip_tracking":false,"_monsterinsights_sitenote_active":false,"_monsterinsights_sitenote_note":"","_monsterinsights_sitenote_category":0},"product_cat":[52],"product_tag":[],"class_list":{"0":"post-10319","1":"product","2":"type-product","3":"status-publish","4":"has-post-thumbnail","6":"product_cat-wandbilder","8":"first","9":"instock","10":"sale","11":"shipping-taxable","12":"purchasable","13":"product-type-variable"},"acf":[],"_links":{"self":[{"href":"https:\/\/helmutziller.com\/en_us\/wp-json\/wp\/v2\/product\/10319","targetHints":{"allow":["GET"]}}],"collection":[{"href":"https:\/\/helmutziller.com\/en_us\/wp-json\/wp\/v2\/product"}],"about":[{"href":"https:\/\/helmutziller.com\/en_us\/wp-json\/wp\/v2\/types\/product"}],"replies":[{"embeddable":true,"href":"https:\/\/helmutziller.com\/en_us\/wp-json\/wp\/v2\/comments?post=10319"}],"wp:featuredmedia":[{"embeddable":true,"href":"https:\/\/helmutziller.com\/en_us\/wp-json\/wp\/v2\/media\/10329"}],"wp:attachment":[{"href":"https:\/\/helmutziller.com\/en_us\/wp-json\/wp\/v2\/media?parent=10319"}],"wp:term":[{"taxonomy":"product_cat","embeddable":true,"href":"https:\/\/helmutziller.com\/en_us\/wp-json\/wp\/v2\/product_cat?post=10319"},{"taxonomy":"product_tag","embeddable":true,"href":"https:\/\/helmutziller.com\/en_us\/wp-json\/wp\/v2\/product_tag?post=10319"}],"curies":[{"name":"wp","href":"https:\/\/api.w.org\/{rel}","templated":true}]}}