{"id":10385,"date":"2022-07-04T12:42:22","date_gmt":"2022-07-04T12:42:22","guid":{"rendered":"https:\/\/helmutziller.com\/?post_type=product&#038;p=10385"},"modified":"2022-11-02T18:13:42","modified_gmt":"2022-11-02T18:13:42","slug":"vorpommersche-boddenlandschaft-ostsee","status":"publish","type":"product","link":"https:\/\/helmutziller.com\/en_us\/product\/vorpommersche-boddenlandschaft-ostsee\/","title":{"rendered":"Vorpommersche Boddenlandschaft, Ostsee"},"content":{"rendered":"","protected":false},"excerpt":{"rendered":"<p>Dieses Bild nahm ich mit meiner Drohne auf. Es war schon recht sp\u00e4t an dem Tag und wir wussten, dass wir es nicht rechtzeitig zu Fu\u00df an den optimalen Standort schaffen w\u00fcrden (es ist sehr anstrengend ein paar Kilometer im lockeren Sand zu gehen). Also flog ich halt mit der Drohne hin. Es war sehr windig und beim R\u00fcckflug kamen dann auch noch einige neugierige G\u00e4nse der Drohne sehr nah.<\/p>","protected":false},"featured_media":10395,"comment_status":"open","ping_status":"closed","template":"","meta":{"_acf_changed":false,"_monsterinsights_skip_tracking":false,"_monsterinsights_sitenote_active":false,"_monsterinsights_sitenote_note":"","_monsterinsights_sitenote_category":0},"product_cat":[52],"product_tag":[],"class_list":{"0":"post-10385","1":"product","2":"type-product","3":"status-publish","4":"has-post-thumbnail","6":"product_cat-wandbilder","8":"first","9":"instock","10":"sale","11":"shipping-taxable","12":"purchasable","13":"product-type-variable"},"acf":[],"_links":{"self":[{"href":"https:\/\/helmutziller.com\/en_us\/wp-json\/wp\/v2\/product\/10385","targetHints":{"allow":["GET"]}}],"collection":[{"href":"https:\/\/helmutziller.com\/en_us\/wp-json\/wp\/v2\/product"}],"about":[{"href":"https:\/\/helmutziller.com\/en_us\/wp-json\/wp\/v2\/types\/product"}],"replies":[{"embeddable":true,"href":"https:\/\/helmutziller.com\/en_us\/wp-json\/wp\/v2\/comments?post=10385"}],"wp:featuredmedia":[{"embeddable":true,"href":"https:\/\/helmutziller.com\/en_us\/wp-json\/wp\/v2\/media\/10395"}],"wp:attachment":[{"href":"https:\/\/helmutziller.com\/en_us\/wp-json\/wp\/v2\/media?parent=10385"}],"wp:term":[{"taxonomy":"product_cat","embeddable":true,"href":"https:\/\/helmutziller.com\/en_us\/wp-json\/wp\/v2\/product_cat?post=10385"},{"taxonomy":"product_tag","embeddable":true,"href":"https:\/\/helmutziller.com\/en_us\/wp-json\/wp\/v2\/product_tag?post=10385"}],"curies":[{"name":"wp","href":"https:\/\/api.w.org\/{rel}","templated":true}]}}