{"id":10449,"date":"2022-07-05T11:03:46","date_gmt":"2022-07-05T11:03:46","guid":{"rendered":"https:\/\/helmutziller.com\/?post_type=product&#038;p=10449"},"modified":"2022-11-02T18:13:39","modified_gmt":"2022-11-02T18:13:39","slug":"cueva-de-los-verdes-lanzarote","status":"publish","type":"product","link":"https:\/\/helmutziller.com\/en_us\/product\/cueva-de-los-verdes-lanzarote\/","title":{"rendered":"Cueva de los Verdes, Lanzarote"},"content":{"rendered":"","protected":false},"excerpt":{"rendered":"<p>Diese Aufnahme entstand bei einer gef\u00fchrten Tour. Der Guide machte uns an einer bestimmten Stelle in der H\u00f6hle darauf aufmerksam, dass er nun f\u00fcr eine Weile die Beleuchtung einschalten wird. Als dies geschah, ergab sich eine wunderbare Spiegelung der H\u00f6hle in der Wasserfl\u00e4che des kleinen Sees.<\/p>","protected":false},"featured_media":10458,"comment_status":"open","ping_status":"closed","template":"","meta":{"_acf_changed":false,"_monsterinsights_skip_tracking":false,"_monsterinsights_sitenote_active":false,"_monsterinsights_sitenote_note":"","_monsterinsights_sitenote_category":0},"product_cat":[52],"product_tag":[],"class_list":{"0":"post-10449","1":"product","2":"type-product","3":"status-publish","4":"has-post-thumbnail","6":"product_cat-wandbilder","8":"first","9":"instock","10":"sale","11":"shipping-taxable","12":"purchasable","13":"product-type-variable"},"acf":[],"_links":{"self":[{"href":"https:\/\/helmutziller.com\/en_us\/wp-json\/wp\/v2\/product\/10449","targetHints":{"allow":["GET"]}}],"collection":[{"href":"https:\/\/helmutziller.com\/en_us\/wp-json\/wp\/v2\/product"}],"about":[{"href":"https:\/\/helmutziller.com\/en_us\/wp-json\/wp\/v2\/types\/product"}],"replies":[{"embeddable":true,"href":"https:\/\/helmutziller.com\/en_us\/wp-json\/wp\/v2\/comments?post=10449"}],"wp:featuredmedia":[{"embeddable":true,"href":"https:\/\/helmutziller.com\/en_us\/wp-json\/wp\/v2\/media\/10458"}],"wp:attachment":[{"href":"https:\/\/helmutziller.com\/en_us\/wp-json\/wp\/v2\/media?parent=10449"}],"wp:term":[{"taxonomy":"product_cat","embeddable":true,"href":"https:\/\/helmutziller.com\/en_us\/wp-json\/wp\/v2\/product_cat?post=10449"},{"taxonomy":"product_tag","embeddable":true,"href":"https:\/\/helmutziller.com\/en_us\/wp-json\/wp\/v2\/product_tag?post=10449"}],"curies":[{"name":"wp","href":"https:\/\/api.w.org\/{rel}","templated":true}]}}