{"id":10460,"date":"2022-07-05T11:12:59","date_gmt":"2022-07-05T11:12:59","guid":{"rendered":"https:\/\/helmutziller.com\/?post_type=product&#038;p=10460"},"modified":"2022-11-02T18:13:39","modified_gmt":"2022-11-02T18:13:39","slug":"ostsee-moewen","status":"publish","type":"product","link":"https:\/\/helmutziller.com\/en_us\/product\/ostsee-moewen\/","title":{"rendered":"Ostsee M\u00f6wen"},"content":{"rendered":"","protected":false},"excerpt":{"rendered":"<p>Diese Aufnahme gelang an der Ostsee an einem Sandstrand. Die Ostsee ist ein relativ ruhiges Meer, ohne Gezeiten. Interessant sind die Farben von Schlick und Sand. Bei den M\u00f6wen muss man aufpassen, es kann schon vorkommen, dass sie ein Fischbr\u00f6tchen w\u00e4hrend dem Essen wegschnappen.<\/p>","protected":false},"featured_media":10469,"comment_status":"open","ping_status":"closed","template":"","meta":{"_acf_changed":false,"_monsterinsights_skip_tracking":false,"_monsterinsights_sitenote_active":false,"_monsterinsights_sitenote_note":"","_monsterinsights_sitenote_category":0},"product_cat":[52],"product_tag":[],"class_list":{"0":"post-10460","1":"product","2":"type-product","3":"status-publish","4":"has-post-thumbnail","6":"product_cat-wandbilder","8":"first","9":"instock","10":"sale","11":"shipping-taxable","12":"purchasable","13":"product-type-variable"},"acf":[],"_links":{"self":[{"href":"https:\/\/helmutziller.com\/en_us\/wp-json\/wp\/v2\/product\/10460","targetHints":{"allow":["GET"]}}],"collection":[{"href":"https:\/\/helmutziller.com\/en_us\/wp-json\/wp\/v2\/product"}],"about":[{"href":"https:\/\/helmutziller.com\/en_us\/wp-json\/wp\/v2\/types\/product"}],"replies":[{"embeddable":true,"href":"https:\/\/helmutziller.com\/en_us\/wp-json\/wp\/v2\/comments?post=10460"}],"wp:featuredmedia":[{"embeddable":true,"href":"https:\/\/helmutziller.com\/en_us\/wp-json\/wp\/v2\/media\/10469"}],"wp:attachment":[{"href":"https:\/\/helmutziller.com\/en_us\/wp-json\/wp\/v2\/media?parent=10460"}],"wp:term":[{"taxonomy":"product_cat","embeddable":true,"href":"https:\/\/helmutziller.com\/en_us\/wp-json\/wp\/v2\/product_cat?post=10460"},{"taxonomy":"product_tag","embeddable":true,"href":"https:\/\/helmutziller.com\/en_us\/wp-json\/wp\/v2\/product_tag?post=10460"}],"curies":[{"name":"wp","href":"https:\/\/api.w.org\/{rel}","templated":true}]}}