{"id":10482,"date":"2022-07-05T11:29:23","date_gmt":"2022-07-05T11:29:23","guid":{"rendered":"https:\/\/helmutziller.com\/?post_type=product&#038;p=10482"},"modified":"2022-11-02T18:13:39","modified_gmt":"2022-11-02T18:13:39","slug":"bach-abendstimmung","status":"publish","type":"product","link":"https:\/\/helmutziller.com\/en_us\/product\/bach-abendstimmung\/","title":{"rendered":"Bach Abendstimmung"},"content":{"rendered":"","protected":false},"excerpt":{"rendered":"<p>Diese Langzeitbelichtung gelang im Risstal. Musste die Kamera mangels Stativ auf Steinen fixieren. Das eigentliche Ziel waren die Ahornb\u00f6den, dort jedoch waren die Bl\u00e4tter noch nicht gelb genug f\u00fcr ein sch\u00f6nes Herbst Foto.<\/p>","protected":false},"featured_media":10491,"comment_status":"open","ping_status":"closed","template":"","meta":{"_acf_changed":false,"_monsterinsights_skip_tracking":false,"_monsterinsights_sitenote_active":false,"_monsterinsights_sitenote_note":"","_monsterinsights_sitenote_category":0},"product_cat":[52],"product_tag":[],"class_list":{"0":"post-10482","1":"product","2":"type-product","3":"status-publish","4":"has-post-thumbnail","6":"product_cat-wandbilder","8":"first","9":"instock","10":"sale","11":"shipping-taxable","12":"purchasable","13":"product-type-variable"},"acf":[],"_links":{"self":[{"href":"https:\/\/helmutziller.com\/en_us\/wp-json\/wp\/v2\/product\/10482","targetHints":{"allow":["GET"]}}],"collection":[{"href":"https:\/\/helmutziller.com\/en_us\/wp-json\/wp\/v2\/product"}],"about":[{"href":"https:\/\/helmutziller.com\/en_us\/wp-json\/wp\/v2\/types\/product"}],"replies":[{"embeddable":true,"href":"https:\/\/helmutziller.com\/en_us\/wp-json\/wp\/v2\/comments?post=10482"}],"wp:featuredmedia":[{"embeddable":true,"href":"https:\/\/helmutziller.com\/en_us\/wp-json\/wp\/v2\/media\/10491"}],"wp:attachment":[{"href":"https:\/\/helmutziller.com\/en_us\/wp-json\/wp\/v2\/media?parent=10482"}],"wp:term":[{"taxonomy":"product_cat","embeddable":true,"href":"https:\/\/helmutziller.com\/en_us\/wp-json\/wp\/v2\/product_cat?post=10482"},{"taxonomy":"product_tag","embeddable":true,"href":"https:\/\/helmutziller.com\/en_us\/wp-json\/wp\/v2\/product_tag?post=10482"}],"curies":[{"name":"wp","href":"https:\/\/api.w.org\/{rel}","templated":true}]}}